{"id":7750,"date":"2023-07-07T15:26:33","date_gmt":"2023-07-07T13:26:33","guid":{"rendered":"https:\/\/www.thron.com\/?page_id=7750"},"modified":"2024-01-12T09:42:35","modified_gmt":"2024-01-12T08:42:35","slug":"sporting-goods","status":"publish","type":"page","link":"https:\/\/www.thron.com\/en\/solutions\/sporting-goods\/","title":{"rendered":"Sporting Goods"},"content":{"rendered":"\n<div class=\"wp-block-group is-style-stretto is-layout-constrained wp-block-group-is-layout-constrained\">\n<h2 class=\"wp-block-heading has-text-align-left\">Communicate with B2B partners like never before. Offer high-quality experience to B2C customers<\/h2>\n\n\n\n<div style=\"height:30px\" aria-hidden=\"true\" class=\"wp-block-spacer\"><\/div>\n\n\n\n<p class=\"has-text-align-left\">Huge numbers of different products, <strong>with a huge quantity of data, information and digital assets<\/strong> to deliver to disparate destinations, often with multiple brands for a single organisation.&nbsp;<\/p>\n\n\n\n<p>For a company which produces and\/or markets sporting goods, governance of digital assets and the relative product data is a challenge which they must not only take on, but win.&nbsp;<\/p>\n\n\n\n<p>With <a href=\"https:\/\/www.thron.com\/en\/platform\/thron-platform\/\" data-type=\"page\" data-id=\"7411\">THRON PLATFORM<\/a>, you can centralise all your product photos and videos and associate them with descriptive, technical and commercial information on the fly.&nbsp;&nbsp;<\/p>\n\n\n\n<p>Collaborate and approve the assets created by other teams or by external agencies via<a href=\"https:\/\/www.thron.com\/en\/platform\/pim-software\/\" data-type=\"page\" data-id=\"7383\"> integrated workflows<\/a>.&nbsp;<\/p>\n\n\n\n<p>The platform communicates with ERP, PLM, websites, B2B portals, <strong>e-commerce platforms and marketplaces or catalogue page setting<\/strong>, making the flow of information and digital assets constant.&nbsp;<\/p>\n\n\n\n<p>Collect all your information assets in a single platform and publish it on all touchpoints.&nbsp;<\/p>\n\n\n\n<p>This way you can always offer your B2C customers engaging and dynamic browsing and purchasing experiences. And your B2B partners are always on the ball.&nbsp;<\/p>\n<\/div>\n\n\n\n<div style=\"height:160px\" aria-hidden=\"true\" class=\"wp-block-spacer\"><\/div>\n\n\n\n<div class=\"wp-block-group alignfull is-style-arrotondato is-layout-constrained wp-block-group-is-layout-constrained\">\n<p class=\"is-style-occhiello\">Thron <strong>for sporting goods<\/strong><\/p>\n\n\n\n<h2 class=\"wp-block-heading\">A single platform for product data and the asset that represent them<\/h2>\n\n\n\n<div style=\"height:30px\" aria-hidden=\"true\" class=\"wp-block-spacer\"><\/div>\n\n\n\n<div class=\"wp-block-media-text has-media-on-the-right is-stacked-on-mobile is-vertically-aligned-center is-style-cerchio\"><div class=\"wp-block-media-text__content\">\n<p><strong>From ERP to e-commerce<\/strong>, from the library of corporate digital assets to the website.&nbsp;<\/p>\n\n\n\n<p><strong>Associate multimedia content and product information<\/strong> manually or in a massive way and&nbsp;centralise collaboration. <\/p>\n\n\n\n<p>Design <a href=\"https:\/\/www.thron.com\/en\/platform\/workflow\/\" data-type=\"page\" data-id=\"7457\">workflows<\/a> and <strong>approve shots and videos <\/strong>created by in-house teams or creative agencies to whom you outsource shoots.&nbsp;<\/p>\n\n\n\n<p><a href=\"https:\/\/www.thron.com\/en\/solutions\/delivery\/\" data-type=\"page\" data-id=\"7403\">Deliver your information heritage<\/a> directly across all touchpoints.&nbsp;<\/p>\n\n\n\n<p>With <a href=\"https:\/\/www.thron.com\/en\/platform\/thron-platform\/\" data-type=\"page\" data-id=\"7411\">THRON PLATFORM<\/a> you uniquely govern the entire lifecycle of digital assets and&nbsp;<\/p>\n\n\n\n<p>product data, always ensuring maximum consistency at every channel.&nbsp;<\/p>\n<\/div><figure class=\"wp-block-media-text__media\"><img loading=\"lazy\" decoding=\"async\" width=\"1200\" height=\"1200\" src=\"https:\/\/www.thron.com\/wp-content\/uploads\/2023\/07\/THRONforSportingGoods_01.webp\" alt=\"example of THRON workflow for a sporting goods brand\" class=\"wp-image-1698 size-full\" srcset=\"https:\/\/www.thron.com\/wp-content\/uploads\/2023\/07\/THRONforSportingGoods_01.webp 1200w, https:\/\/www.thron.com\/wp-content\/uploads\/2023\/07\/THRONforSportingGoods_01-650x650.webp 650w, https:\/\/www.thron.com\/wp-content\/uploads\/2023\/07\/THRONforSportingGoods_01-150x150.webp 150w, https:\/\/www.thron.com\/wp-content\/uploads\/2023\/07\/THRONforSportingGoods_01-768x768.webp 768w, https:\/\/www.thron.com\/wp-content\/uploads\/2023\/07\/THRONforSportingGoods_01-350x350.webp 350w\" sizes=\"auto, (max-width: 1200px) 100vw, 1200px\" \/><\/figure><\/div>\n<\/div>\n\n\n\n<div style=\"height:160px\" aria-hidden=\"true\" class=\"wp-block-spacer\"><\/div>\n\n\n\n<p class=\"is-style-occhiello\">THRON <strong>foR sporting goods<\/strong><\/p>\n\n\n\n<h2 class=\"wp-block-heading\">Make your information assets available to everyone, at all times<\/h2>\n\n\n\n<div style=\"height:30px\" aria-hidden=\"true\" class=\"wp-block-spacer\"><\/div>\n\n\n\n<div style=\"height:30px\" aria-hidden=\"true\" class=\"wp-block-spacer\"><\/div>\n\n\n\n<div class=\"wp-block-media-text is-stacked-on-mobile is-vertically-aligned-center is-style-cerchio\"><figure class=\"wp-block-media-text__media\"><img loading=\"lazy\" decoding=\"async\" width=\"1200\" height=\"1200\" src=\"https:\/\/www.thron.com\/wp-content\/uploads\/2023\/08\/THRONforSportingGoods_02.webp\" alt=\"product sheets for sporting goods e-commerce brand example\" class=\"wp-image-7696 size-full\" srcset=\"https:\/\/www.thron.com\/wp-content\/uploads\/2023\/08\/THRONforSportingGoods_02.webp 1200w, https:\/\/www.thron.com\/wp-content\/uploads\/2023\/08\/THRONforSportingGoods_02-650x650.webp 650w, https:\/\/www.thron.com\/wp-content\/uploads\/2023\/08\/THRONforSportingGoods_02-150x150.webp 150w, https:\/\/www.thron.com\/wp-content\/uploads\/2023\/08\/THRONforSportingGoods_02-768x768.webp 768w, https:\/\/www.thron.com\/wp-content\/uploads\/2023\/08\/THRONforSportingGoods_02-350x350.webp 350w\" sizes=\"auto, (max-width: 1200px) 100vw, 1200px\" \/><\/figure><div class=\"wp-block-media-text__content\">\n<p><a href=\"https:\/\/www.thron.com\/en\/platform\/thron-platform\/\" data-type=\"page\" data-id=\"7411\">THRON PLATFORM<\/a> is multi-lingual and supports your multi-brand strategies.&nbsp;&nbsp;<\/p>\n\n\n\n<p>Define a data model and taxonomy shared by the entire company \u2013 or even group of companies \u2013 so that THRON becomes <strong>the single source of truth <\/strong>and each piece of content is classified and enriched with consistent logic and naming.&nbsp;<\/p>\n\n\n\n<p><strong>Create infinite types of catalogues<\/strong> and group different product data depending on who needs it: administration, B2B customers, outlets.&nbsp;<\/p>\n\n\n\n<p>Define automatic rules for the platform to transform the imported data and adapt them to each channel you communicate and sell on.&nbsp;&nbsp;&nbsp;<\/p>\n\n\n\n<p><strong>Add information to<\/strong> e-commerce, marketplace and B2B portal <strong>product sheets<\/strong> which is <strong>updated automatically in real time<\/strong>, with no additional effort.&nbsp;<\/p>\n<\/div><\/div>\n\n\n\n<div style=\"height:160px\" aria-hidden=\"true\" class=\"wp-block-spacer\"><\/div>\n\n\n\n<div class=\"wp-block-group alignfull is-style-arrotondato is-layout-constrained wp-block-group-is-layout-constrained\">\n<p class=\"is-style-occhiello\">Thron <strong>for sporting goods<\/strong><\/p>\n\n\n\n<h2 class=\"wp-block-heading\">Rendi indimenticabile <br>lo shopping digitale dei tuoi clienti<\/h2>\n\n\n\n<div style=\"height:30px\" aria-hidden=\"true\" class=\"wp-block-spacer\"><\/div>\n\n\n\n<div class=\"wp-block-media-text has-media-on-the-right is-stacked-on-mobile is-vertically-aligned-center is-style-cerchio\"><div class=\"wp-block-media-text__content\">\n<p>With <a href=\"https:\/\/www.thron.com\/en\/platform\/connectors\/\" data-type=\"page\" data-id=\"9223\">APIs and connectors<\/a> you make the <strong>user experience always impeccable<\/strong>.<\/p>\n\n\n\n<p>Performance is always top notch, even during the days with highest traffic, such as sales, Black Friday or for new product launches.\u00a0<\/p>\n\n\n\n<p><strong>Thanks to its CDN and elastic architecture<\/strong>, the platform distributes product data and content with the highest performance, always, and all over the world.&nbsp;<\/p>\n\n\n\n<p><a href=\"https:\/\/www.thron.com\/en\/security\/\" data-type=\"page\" data-id=\"7483\">Security<\/a> is always at the highest level: you establish which users and groups have access and editing rights for each individual asset or folder.&nbsp;<\/p>\n<\/div><figure class=\"wp-block-media-text__media\"><img loading=\"lazy\" decoding=\"async\" width=\"1200\" height=\"1200\" src=\"https:\/\/www.thron.com\/wp-content\/uploads\/2023\/07\/THRONforSportingGoods_03.webp\" alt=\"example product sheet with digital assets of a sporting goods brand\" class=\"wp-image-1700 size-full\" srcset=\"https:\/\/www.thron.com\/wp-content\/uploads\/2023\/07\/THRONforSportingGoods_03.webp 1200w, https:\/\/www.thron.com\/wp-content\/uploads\/2023\/07\/THRONforSportingGoods_03-650x650.webp 650w, https:\/\/www.thron.com\/wp-content\/uploads\/2023\/07\/THRONforSportingGoods_03-150x150.webp 150w, https:\/\/www.thron.com\/wp-content\/uploads\/2023\/07\/THRONforSportingGoods_03-768x768.webp 768w, https:\/\/www.thron.com\/wp-content\/uploads\/2023\/07\/THRONforSportingGoods_03-350x350.webp 350w\" sizes=\"auto, (max-width: 1200px) 100vw, 1200px\" \/><\/figure><\/div>\n<\/div>\n\n\n\n<div style=\"height:160px\" aria-hidden=\"true\" class=\"wp-block-spacer\"><\/div>\n\n\n\n<div class=\"wp-block-group alignfull is-style-default is-layout-constrained wp-block-group-is-layout-constrained\">\n<div style=\"height:60px\" aria-hidden=\"true\" class=\"wp-block-spacer\"><\/div>\n\n\n\n<h3 class=\"wp-block-heading\">Sporting goods brands love THRON because&#8230;<\/h3>\n\n\n\n<div style=\"height:60px\" aria-hidden=\"true\" class=\"wp-block-spacer\"><\/div>\n\n\n\n<div class=\"wp-block-columns is-layout-flex wp-container-core-columns-is-layout-9d6595d7 wp-block-columns-is-layout-flex\">\n<div class=\"wp-block-column is-layout-flow wp-block-column-is-layout-flow\">\n<figure class=\"wp-block-image aligncenter size-full is-resized\"><img loading=\"lazy\" decoding=\"async\" width=\"600\" height=\"458\" src=\"https:\/\/www.thron.com\/wp-content\/uploads\/2023\/07\/THRONforSportingGoods_small_01.webp\" alt=\"\" class=\"wp-image-1701\" style=\"width:244px;height:185px\" srcset=\"https:\/\/www.thron.com\/wp-content\/uploads\/2023\/07\/THRONforSportingGoods_small_01.webp 600w, https:\/\/www.thron.com\/wp-content\/uploads\/2023\/07\/THRONforSportingGoods_small_01-350x267.webp 350w\" sizes=\"auto, (max-width: 600px) 100vw, 600px\" \/><\/figure>\n\n\n\n<div style=\"height:60px\" aria-hidden=\"true\" class=\"wp-block-spacer\"><\/div>\n\n\n\n<h4 class=\"wp-block-heading has-text-align-center\">Sharing externally is immediate<\/h4>\n\n\n\n<p class=\"has-text-align-center\"> It is secure. Whether it is a single asset or many, via the integrated <a href=\"https:\/\/www.thron.com\/en\/platform\/brand-portal\/\" data-type=\"page\" data-id=\"7444\">Brand Portal<\/a>.<\/p>\n<\/div>\n\n\n\n<div class=\"wp-block-column is-layout-flow wp-block-column-is-layout-flow\">\n<figure class=\"wp-block-image aligncenter size-full is-resized\"><img loading=\"lazy\" decoding=\"async\" width=\"600\" height=\"438\" src=\"https:\/\/www.thron.com\/wp-content\/uploads\/2023\/08\/THRONforSportingGoods_small_02.webp\" alt=\"\" class=\"wp-image-7702\" style=\"width:250px;height:185px\" srcset=\"https:\/\/www.thron.com\/wp-content\/uploads\/2023\/08\/THRONforSportingGoods_small_02.webp 600w, https:\/\/www.thron.com\/wp-content\/uploads\/2023\/08\/THRONforSportingGoods_small_02-350x256.webp 350w\" sizes=\"auto, (max-width: 600px) 100vw, 600px\" \/><\/figure>\n\n\n\n<div style=\"height:60px\" aria-hidden=\"true\" class=\"wp-block-spacer\"><\/div>\n\n\n\n<h4 class=\"wp-block-heading has-text-align-center\">Asset optimisation is dynamic<\/h4>\n\n\n\n<p class=\"has-text-align-center\">The intelligent editor adapts each asset on the basis of the channel, eliminating manual work.<\/p>\n<\/div>\n\n\n\n<div class=\"wp-block-column is-layout-flow wp-block-column-is-layout-flow\">\n<figure class=\"wp-block-image aligncenter size-full is-resized\"><img loading=\"lazy\" decoding=\"async\" width=\"600\" height=\"395\" src=\"https:\/\/www.thron.com\/wp-content\/uploads\/2023\/07\/THRONforSportingGoods_small_03.webp\" alt=\"\" class=\"wp-image-1703\" style=\"width:280px;height:185px\" srcset=\"https:\/\/www.thron.com\/wp-content\/uploads\/2023\/07\/THRONforSportingGoods_small_03.webp 600w, https:\/\/www.thron.com\/wp-content\/uploads\/2023\/07\/THRONforSportingGoods_small_03-350x230.webp 350w\" sizes=\"auto, (max-width: 600px) 100vw, 600px\" \/><\/figure>\n\n\n\n<div style=\"height:60px\" aria-hidden=\"true\" class=\"wp-block-spacer\"><\/div>\n\n\n\n<h4 class=\"wp-block-heading has-text-align-center\">Open your doors to productivity<\/h4>\n\n\n\n<p class=\"has-text-align-center\">Export data and link to the assets on the fly, and share them with your translators or your B2B dealers.<\/p>\n<\/div>\n<\/div>\n\n\n\n<div style=\"height:90px\" aria-hidden=\"true\" class=\"wp-block-spacer\"><\/div>\n<\/div>\n\n\n\n<hr class=\"wp-block-separator has-text-color has-violets-thron-color has-alpha-channel-opacity has-violets-thron-background-color has-background is-style-wide\"\/>\n\n\n\n<div style=\"height:90px\" aria-hidden=\"true\" class=\"wp-block-spacer\"><\/div>\n\n\n\n<section id=\"block-carousel-testimonial-block_4946ecd671a1a9b27fe7a92142b73320\" class=\"block-carousel-testimonial\">\n            <div class=\"block-carousel-testimonial__slider\">\n                            <div class=\"block-carousel-testimonial__slide\">\n                    \n                                            <div class=\"block-carousel-testimonial__testo\">\n                            \u201cIl presente ci spinge ad essere veloci. Rapidit\u00e0 e flessibilit\u00e0 di integrazione con e-commerce e altri canali di vendita sono fondamentali per riuscire a cogliere le opportunit\u00e0\u201d.                         <\/div>\n                    \n                                            <div class=\"block-carousel-testimonial__nome\">\n                            Digital &#038; Webstore Manager                        <\/div>\n                    \n                                            <div class=\"block-carousel-testimonial__azienda\">\n                            Cherv\u00f2                        <\/div>\n                    \n                                            <div class=\"block-carousel-testimonial__link\">\n                            <p><a href=\"https:\/\/www.thron.com\/en\/customers\/chervo\/\" class=\"btn btn--link\" target=\"_self\">Read the Cherv\u00f2 Success Case<\/a><\/p>\n                        <\/div>\n                                    <\/div>\n                            <div class=\"block-carousel-testimonial__slide\">\n                    \n                                            <div class=\"block-carousel-testimonial__testo\">\n                            &#8220;THRON PLATFORM enabled us to take an end-to-end view, with consistent assets from ERP to e-commerce&#8221;.                        <\/div>\n                    \n                                            <div class=\"block-carousel-testimonial__nome\">\n                            IT Manager                        <\/div>\n                    \n                                            <div class=\"block-carousel-testimonial__azienda\">\n                            Sporting Goods Company                        <\/div>\n                    \n                                    <\/div>\n                            <div class=\"block-carousel-testimonial__slide\">\n                    \n                                            <div class=\"block-carousel-testimonial__testo\">\n                            &#8220;With THRON we save the time that was previously required to associate product information. Now, every asset in circulation speaks the same language and the content is always up-to-date, optimised and consistent&#8221;.                        <\/div>\n                    \n                                            <div class=\"block-carousel-testimonial__nome\">\n                            Alice Icardi                        <\/div>\n                    \n                                            <div class=\"block-carousel-testimonial__azienda\">\n                            OEM Marketing Manager &#8211; Selle Royal Group                        <\/div>\n                    \n                                            <div class=\"block-carousel-testimonial__link\">\n                            <p><a href=\"https:\/\/www.thron.com\/en\/customers\/selle-royal-group\/\" class=\"btn btn--link\" target=\"_self\">Read the SRG Success Case<\/a><\/p>\n                        <\/div>\n                                    <\/div>\n                            <div class=\"block-carousel-testimonial__slide\">\n                    \n                                            <div class=\"block-carousel-testimonial__testo\">\n                            &#8220;By centralising the assets in THRON DAM, productivity soared and we won the most insidious Grand Prix: the customer experience&#8221;.                        <\/div>\n                    \n                                            <div class=\"block-carousel-testimonial__nome\">\n                            Marketing Manager                        <\/div>\n                    \n                                            <div class=\"block-carousel-testimonial__azienda\">\n                            Sporting Goods Company                        <\/div>\n                    \n                                    <\/div>\n                            <div class=\"block-carousel-testimonial__slide\">\n                    \n                                            <div class=\"block-carousel-testimonial__testo\">\n                            &#8220;With THRON PLATFORM we govern all processes of creation, management, approval, distribution and monitoring of our digital assets&#8221;.                        <\/div>\n                    \n                                            <div class=\"block-carousel-testimonial__nome\">\n                            Chief Operating Officer                        <\/div>\n                    \n                                            <div class=\"block-carousel-testimonial__azienda\">\n                            Sporting Goods Company                        <\/div>\n                    \n                                    <\/div>\n                    <\/div>\n    <\/section>\n\n\n<div style=\"height:90px\" aria-hidden=\"true\" class=\"wp-block-spacer\"><\/div>\n\n\n\n<div class=\"wp-block-cover alignfull is-light\"><span aria-hidden=\"true\" class=\"wp-block-cover__background has-background-dim-100 has-background-dim has-background-gradient has-violets-gradient-gradient-background\"><\/span><div class=\"wp-block-cover__inner-container is-layout-flow wp-block-cover-is-layout-flow\">\n<div style=\"height:60px\" aria-hidden=\"true\" class=\"wp-block-spacer\"><\/div>\n\n\n\n<h3 class=\"wp-block-heading has-text-align-center has-white-color has-text-color\">Be amazed at how THRON rules sporting goods data and assets<\/h3>\n\n\n\n<div style=\"height:30px\" aria-hidden=\"true\" class=\"wp-block-spacer\"><\/div>\n\n\n\n<p class=\"has-text-align-center has-white-color has-text-color\">By supporting companies that produce and market in the sporting goods sector, we have learnt a lot.<br>If our platform is a favourite among your competitors, there must be a reason.<\/p>\n\n\n\n<div style=\"height:60px\" aria-hidden=\"true\" class=\"wp-block-spacer\"><\/div>\n\n\n\n<div class=\"wp-block-buttons is-content-justification-center is-layout-flex wp-container-core-buttons-is-layout-16018d1d wp-block-buttons-is-layout-flex\">\n<div class=\"wp-block-button is-style-large\"><a class=\"wp-block-button__link wp-element-button\" href=\"https:\/\/www.thron.com\/en\/demo\/\">Book a demo<\/a><\/div>\n<\/div>\n\n\n\n<div style=\"height:60px\" aria-hidden=\"true\" class=\"wp-block-spacer\"><\/div>\n<\/div><\/div>\n\n\n\n<div style=\"height:160px\" aria-hidden=\"true\" class=\"wp-block-spacer\"><\/div>\n\n\n\n<h2 class=\"wp-block-heading\">A single platform. For all teams<\/h2>\n\n\n\n<div style=\"height:30px\" aria-hidden=\"true\" class=\"wp-block-spacer\"><\/div>\n\n\n\n<section id=\"block-lista-icone-block_976bd245b1c2412062b87c85e2fabd87\" class=\"block-lista-icone icona-bg\">\n    <div class=\"block-lista-icone__grid block-lista-icone__grid--col-3\">\n                    <div class=\"block-lista-icone__box\">\n                                    <div class=\"block-lista-icone__icona\">\n                        <i class=\"fa-classic fa-solid fa-share-nodes\" aria-hidden=\"true\"><\/i>                    <\/div>\n                \n                \n                                    <h5 class=\"block-lista-icone__titolo\">\n                        Marketing                    <\/h5>\n                \n                                    <p class=\"block-lista-icone__testo\">\n                        Infinite assets, zero copies. One hub to collaborate, research and publish.                    <\/p>\n                \n                                    <div class=\"block-lista-icone__link\">\n                        <p><a href=\"https:\/\/www.thron.com\/en\/solutions\/marketing\/\" class=\"btn btn--link\" target=\"_self\">THRON for Marketers<\/a><\/p>\n                    <\/div>\n                            <\/div>\n                    <div class=\"block-lista-icone__box\">\n                                    <div class=\"block-lista-icone__icona\">\n                        <i class=\"fa-classic fa-solid fa-cart-shopping\" aria-hidden=\"true\"><\/i>                    <\/div>\n                \n                \n                                    <h5 class=\"block-lista-icone__titolo\">\n                        E-commerce                    <\/h5>\n                \n                                    <p class=\"block-lista-icone__testo\">\n                        Marketplace and online shop updated in real time and without manual labour.                    <\/p>\n                \n                                    <div class=\"block-lista-icone__link\">\n                        <p><a href=\"https:\/\/www.thron.com\/en\/solutions\/e-commerce\/\" class=\"btn btn--link\" target=\"_self\">THRON for E-commerce<\/a><\/p>\n                    <\/div>\n                            <\/div>\n                    <div class=\"block-lista-icone__box\">\n                                    <div class=\"block-lista-icone__icona\">\n                        <i class=\"fa-classic fa-solid fa-gear\" aria-hidden=\"true\"><\/i>                    <\/div>\n                \n                \n                                    <h5 class=\"block-lista-icone__titolo\">\n                        Operations                    <\/h5>\n                \n                                    <p class=\"block-lista-icone__testo\">\n                        Approval and distribution flows are 100% digital. And efficiency flies.                    <\/p>\n                \n                                    <div class=\"block-lista-icone__link\">\n                        <p><a href=\"https:\/\/www.thron.com\/en\/solutions\/operations\/\" class=\"btn btn--link\" target=\"_self\">THRON for Operations<\/a><\/p>\n                    <\/div>\n                            <\/div>\n                    <div class=\"block-lista-icone__box\">\n                                    <div class=\"block-lista-icone__icona\">\n                        <i class=\"fa-classic fa-solid fa-microchip\" aria-hidden=\"true\"><\/i>                    <\/div>\n                \n                \n                                    <h5 class=\"block-lista-icone__titolo\">\n                        Digital &#038; CIO                    <\/h5>\n                \n                                    <p class=\"block-lista-icone__testo\">\n                        It governs the ecosystem of digital business processes through APIs and connectors.                    <\/p>\n                \n                                    <div class=\"block-lista-icone__link\">\n                        <p><a href=\"https:\/\/www.thron.com\/en\/solutions\/information-digital\/\" class=\"btn btn--link\" target=\"_self\">THRON for Information &#038; Digital<\/a><\/p>\n                    <\/div>\n                            <\/div>\n                    <div class=\"block-lista-icone__box\">\n                                    <div class=\"block-lista-icone__icona\">\n                        <i class=\"fa-classic fa-solid fa-screwdriver-wrench\" aria-hidden=\"true\"><\/i>                    <\/div>\n                \n                \n                                    <h5 class=\"block-lista-icone__titolo\">\n                        Information Technology                    <\/h5>\n                \n                                    <p class=\"block-lista-icone__testo\">\n                        A single, secure platform for the company&#8217;s most valuable asset: its digital assets.                    <\/p>\n                \n                                    <div class=\"block-lista-icone__link\">\n                        <p><a href=\"https:\/\/www.thron.com\/en\/solutions\/it\/\" class=\"btn btn--link\" target=\"_self\">THRON for IT<\/a><\/p>\n                    <\/div>\n                            <\/div>\n            <\/div>\n<\/section>\n\n\n<div style=\"height:160px\" aria-hidden=\"true\" class=\"wp-block-spacer\"><\/div>\n","protected":false},"excerpt":{"rendered":"<p>Communicate with B2B partners like never before. Offer high-quality experience to B2C customers Huge numbers of different products, with a&#8230;<\/p>\n","protected":false},"author":10,"featured_media":8669,"parent":7398,"menu_order":0,"comment_status":"closed","ping_status":"closed","template":"","meta":{"_acf_changed":false,"footnotes":""},"class_list":["post-7750","page","type-page","status-publish","has-post-thumbnail","hentry"],"acf":[],"_links":{"self":[{"href":"https:\/\/www.thron.com\/en\/wp-json\/wp\/v2\/pages\/7750","targetHints":{"allow":["GET"]}}],"collection":[{"href":"https:\/\/www.thron.com\/en\/wp-json\/wp\/v2\/pages"}],"about":[{"href":"https:\/\/www.thron.com\/en\/wp-json\/wp\/v2\/types\/page"}],"author":[{"embeddable":true,"href":"https:\/\/www.thron.com\/en\/wp-json\/wp\/v2\/users\/10"}],"replies":[{"embeddable":true,"href":"https:\/\/www.thron.com\/en\/wp-json\/wp\/v2\/comments?post=7750"}],"version-history":[{"count":13,"href":"https:\/\/www.thron.com\/en\/wp-json\/wp\/v2\/pages\/7750\/revisions"}],"predecessor-version":[{"id":11966,"href":"https:\/\/www.thron.com\/en\/wp-json\/wp\/v2\/pages\/7750\/revisions\/11966"}],"up":[{"embeddable":true,"href":"https:\/\/www.thron.com\/en\/wp-json\/wp\/v2\/pages\/7398"}],"wp:featuredmedia":[{"embeddable":true,"href":"https:\/\/www.thron.com\/en\/wp-json\/wp\/v2\/media\/8669"}],"wp:attachment":[{"href":"https:\/\/www.thron.com\/en\/wp-json\/wp\/v2\/media?parent=7750"}],"curies":[{"name":"wp","href":"https:\/\/api.w.org\/{rel}","templated":true}]}}