{"id":1249,"date":"2023-07-12T15:24:39","date_gmt":"2023-07-12T13:24:39","guid":{"rendered":"https:\/\/www.thron.com\/?page_id=1249"},"modified":"2025-06-06T11:23:58","modified_gmt":"2025-06-06T09:23:58","slug":"brand-portal","status":"publish","type":"page","link":"https:\/\/www.thron.com\/it\/platform\/brand-portal\/","title":{"rendered":"Brand Portal"},"content":{"rendered":"\n<div class=\"wp-block-group alignfull is-style-stretto is-layout-constrained wp-block-group-is-layout-constrained\">\n<h2 class=\"wp-block-heading has-text-align-center\">Lo crei. Lo personalizzi. Lo governi<\/h2>\n\n\n\n<div style=\"height:30px\" aria-hidden=\"true\" class=\"wp-block-spacer\"><\/div>\n\n\n\n<p class=\"has-text-align-center\"><a href=\"https:\/\/www.thron.com\/it\/platform\/thron-platform\/\" data-type=\"page\" data-id=\"6\">THRON PLATFORM<\/a> governa l&#8217;intero ciclo di vita di asset digitali e dati di prodotto. <br><br>Con Brand Portal, la soluzione sviluppata da&nbsp;<a href=\"https:\/\/www.smint.io\/\" target=\"_blank\" rel=\"noreferrer noopener\">Smint.io<\/a>, provider leader di CXP, espandi la piattaforma e puoi contare su un portale di brand <strong>no-code e completamente personalizzabile<\/strong>. Hai sempre la certezza di comunicare in modo coerente con colleghi, partner e clienti B2B.<\/p>\n<\/div>\n\n\n\n<div class=\"wp-block-group alignfull is-style-stretto is-layout-constrained wp-block-group-is-layout-constrained\">\n    <div id=\"block-img-stack-block_7348d45686e0c5c837e6faa1052f3a30\" class=\"block-img-stack\">\n                    <img loading=\"lazy\" decoding=\"async\" width=\"1110\" height=\"1110\" src=\"https:\/\/www.thron.com\/wp-content\/uploads\/2024\/09\/THRONX_DAM_mainA-3-1290x1290.webp\" class=\"no-lazy\" alt=\"Anteprima del DAM Software di THRON PLATFORM che mostra una dashboard della gestione centralizzata di Asset Digitali.\" srcset=\"https:\/\/www.thron.com\/wp-content\/uploads\/2024\/09\/THRONX_DAM_mainA-3-1290x1290.webp 1290w, https:\/\/www.thron.com\/wp-content\/uploads\/2024\/09\/THRONX_DAM_mainA-3-650x650.webp 650w, https:\/\/www.thron.com\/wp-content\/uploads\/2024\/09\/THRONX_DAM_mainA-3-150x150.webp 150w, https:\/\/www.thron.com\/wp-content\/uploads\/2024\/09\/THRONX_DAM_mainA-3-768x768.webp 768w, https:\/\/www.thron.com\/wp-content\/uploads\/2024\/09\/THRONX_DAM_mainA-3-1536x1536.webp 1536w, https:\/\/www.thron.com\/wp-content\/uploads\/2024\/09\/THRONX_DAM_mainA-3-350x350.webp 350w, https:\/\/www.thron.com\/wp-content\/uploads\/2024\/09\/THRONX_DAM_mainA-3.webp 2000w\" sizes=\"auto, (max-width: 1110px) 100vw, 1110px\" \/>                    <img loading=\"lazy\" decoding=\"async\" width=\"1110\" height=\"1110\" src=\"https:\/\/www.thron.com\/wp-content\/uploads\/2023\/07\/THRONBRANDPORTAL_main_B-1290x1290.webp\" class=\"no-lazy\" alt=\"Esempio di pagina di atterraggio di Brand Portal.\" srcset=\"https:\/\/www.thron.com\/wp-content\/uploads\/2023\/07\/THRONBRANDPORTAL_main_B-1290x1290.webp 1290w, https:\/\/www.thron.com\/wp-content\/uploads\/2023\/07\/THRONBRANDPORTAL_main_B-650x650.webp 650w, https:\/\/www.thron.com\/wp-content\/uploads\/2023\/07\/THRONBRANDPORTAL_main_B-150x150.webp 150w, https:\/\/www.thron.com\/wp-content\/uploads\/2023\/07\/THRONBRANDPORTAL_main_B-768x768.webp 768w, https:\/\/www.thron.com\/wp-content\/uploads\/2023\/07\/THRONBRANDPORTAL_main_B-1536x1536.webp 1536w, https:\/\/www.thron.com\/wp-content\/uploads\/2023\/07\/THRONBRANDPORTAL_main_B-350x350.webp 350w, https:\/\/www.thron.com\/wp-content\/uploads\/2023\/07\/THRONBRANDPORTAL_main_B.webp 2000w\" sizes=\"auto, (max-width: 1110px) 100vw, 1110px\" \/>            <\/div>\n<\/div>\n\n\n\n<div style=\"height:60px\" aria-hidden=\"true\" class=\"wp-block-spacer\"><\/div>\n\n\n\n<div class=\"wp-block-group alignfull is-style-arrotondato is-layout-constrained wp-block-group-is-layout-constrained\">\n<div class=\"wp-block-media-text is-stacked-on-mobile\"><figure class=\"wp-block-media-text__media\"><img loading=\"lazy\" decoding=\"async\" width=\"1200\" height=\"1200\" src=\"https:\/\/www.thron.com\/wp-content\/uploads\/2023\/07\/THRONBRANDPORTAL_03.webp\" alt=\"Immagine esemplificativa di THRON Brand Portal.\" class=\"wp-image-2155 size-full\" srcset=\"https:\/\/www.thron.com\/wp-content\/uploads\/2023\/07\/THRONBRANDPORTAL_03.webp 1200w, https:\/\/www.thron.com\/wp-content\/uploads\/2023\/07\/THRONBRANDPORTAL_03-650x650.webp 650w, https:\/\/www.thron.com\/wp-content\/uploads\/2023\/07\/THRONBRANDPORTAL_03-150x150.webp 150w, https:\/\/www.thron.com\/wp-content\/uploads\/2023\/07\/THRONBRANDPORTAL_03-768x768.webp 768w, https:\/\/www.thron.com\/wp-content\/uploads\/2023\/07\/THRONBRANDPORTAL_03-350x350.webp 350w\" sizes=\"auto, (max-width: 1200px) 100vw, 1200px\" \/><\/figure><div class=\"wp-block-media-text__content\">\n<p class=\"is-style-occhiello\">Thron <strong>BRAND PORTAL<\/strong><\/p>\n\n\n\n<h2 class=\"wp-block-heading\"><strong>Condividi all&#8217;istante loghi, template e brand guideline<\/strong><\/h2>\n\n\n\n<div style=\"height:30px\" aria-hidden=\"true\" class=\"wp-block-spacer\"><\/div>\n\n\n\n<p>Quanti sono i brand memorabili? Pochi.<\/p>\n\n\n\n<p><strong>Preserva e potenzia la brand image<\/strong> in modo eccellente, con ogni partner.<\/p>\n\n\n\n<p>Condividi valori, linee guida, best practices e template in modo unico ed esclusivo grazie al tuo brand portal.<\/p>\n\n\n\n<p>Fai circolare all&#8217;istante gli asset con ogni partner e rendi il tuo brand sempre coerente, in qualsiasi contesto d&#8217;uso.<\/p>\n<\/div><\/div>\n<\/div>\n\n\n\n<div style=\"height:160px\" aria-hidden=\"true\" class=\"wp-block-spacer\"><\/div>\n\n\n\n<div class=\"wp-block-columns is-layout-flex wp-container-core-columns-is-layout-9d6595d7 wp-block-columns-is-layout-flex\">\n<div class=\"wp-block-column is-layout-flow wp-block-column-is-layout-flow\">\n<p class=\"is-style-occhiello\">Thron <strong>BRAND PORTAL<\/strong><\/p>\n\n\n\n<h2 class=\"wp-block-heading\">Tutti per uno,<br>uno per tutti<\/h2>\n\n\n\n<div style=\"height:30px\" aria-hidden=\"true\" class=\"wp-block-spacer\"><\/div>\n\n\n\n<p>Dai voce in modo coerente al tuo brand.<\/p>\n\n\n\n<p>Offri agli stakeholder un <strong>media center<\/strong> con asset aggiornati in tempo reale.<\/p>\n\n\n\n<p>Il portale abilita download multi-formato, gestione dei preferiti e condivisioni puntuali e sicure.<\/p>\n\n\n\n<p>E grazie a THRON, puoi trovare asset filtrando anche per caratteristiche e informazioni di prodotto.<\/p>\n<\/div>\n\n\n\n<div class=\"wp-block-column is-layout-flow wp-block-column-is-layout-flow\">\n    <div id=\"block-img-stack-block_17203f16f69b7717ddef1a5aac16d502\" class=\"block-img-stack\">\n                    <img loading=\"lazy\" decoding=\"async\" width=\"1110\" height=\"1110\" src=\"https:\/\/www.thron.com\/wp-content\/uploads\/2023\/12\/THRONBRANDPORTAL_02_A-1.webp\" class=\"no-lazy\" alt=\"Immagine che compone un esempio di media center THRON Brand Portal con asset aggiornati in tempo reale.\" srcset=\"https:\/\/www.thron.com\/wp-content\/uploads\/2023\/12\/THRONBRANDPORTAL_02_A-1.webp 1200w, https:\/\/www.thron.com\/wp-content\/uploads\/2023\/12\/THRONBRANDPORTAL_02_A-1-650x650.webp 650w, https:\/\/www.thron.com\/wp-content\/uploads\/2023\/12\/THRONBRANDPORTAL_02_A-1-150x150.webp 150w, https:\/\/www.thron.com\/wp-content\/uploads\/2023\/12\/THRONBRANDPORTAL_02_A-1-768x768.webp 768w, https:\/\/www.thron.com\/wp-content\/uploads\/2023\/12\/THRONBRANDPORTAL_02_A-1-350x350.webp 350w\" sizes=\"auto, (max-width: 1110px) 100vw, 1110px\" \/>                    <img loading=\"lazy\" decoding=\"async\" width=\"1110\" height=\"1110\" src=\"https:\/\/www.thron.com\/wp-content\/uploads\/2023\/12\/THRONBRANDPORTAL_02_B.webp\" class=\"no-lazy\" alt=\"Immagine che compone un esempio di media center THRON Brand Portal con asset aggiornati in tempo reale.\" srcset=\"https:\/\/www.thron.com\/wp-content\/uploads\/2023\/12\/THRONBRANDPORTAL_02_B.webp 1200w, https:\/\/www.thron.com\/wp-content\/uploads\/2023\/12\/THRONBRANDPORTAL_02_B-650x650.webp 650w, https:\/\/www.thron.com\/wp-content\/uploads\/2023\/12\/THRONBRANDPORTAL_02_B-150x150.webp 150w, https:\/\/www.thron.com\/wp-content\/uploads\/2023\/12\/THRONBRANDPORTAL_02_B-768x768.webp 768w, https:\/\/www.thron.com\/wp-content\/uploads\/2023\/12\/THRONBRANDPORTAL_02_B-350x350.webp 350w\" sizes=\"auto, (max-width: 1110px) 100vw, 1110px\" \/>                    <img loading=\"lazy\" decoding=\"async\" width=\"1110\" height=\"1110\" src=\"https:\/\/www.thron.com\/wp-content\/uploads\/2023\/12\/THRONBRANDPORTAL_02_C.webp\" class=\"no-lazy\" alt=\"Immagine che compone un esempio di media center THRON Brand Portal con asset aggiornati in tempo reale.\" srcset=\"https:\/\/www.thron.com\/wp-content\/uploads\/2023\/12\/THRONBRANDPORTAL_02_C.webp 1200w, https:\/\/www.thron.com\/wp-content\/uploads\/2023\/12\/THRONBRANDPORTAL_02_C-650x650.webp 650w, https:\/\/www.thron.com\/wp-content\/uploads\/2023\/12\/THRONBRANDPORTAL_02_C-150x150.webp 150w, https:\/\/www.thron.com\/wp-content\/uploads\/2023\/12\/THRONBRANDPORTAL_02_C-768x768.webp 768w, https:\/\/www.thron.com\/wp-content\/uploads\/2023\/12\/THRONBRANDPORTAL_02_C-350x350.webp 350w\" sizes=\"auto, (max-width: 1110px) 100vw, 1110px\" \/>            <\/div>\n<\/div>\n<\/div>\n\n\n\n<div style=\"height:160px\" aria-hidden=\"true\" class=\"wp-block-spacer\"><\/div>\n\n\n\n<div class=\"wp-block-group alignfull is-style-arrotondato is-layout-constrained wp-block-group-is-layout-constrained\">\n<div class=\"wp-block-media-text is-stacked-on-mobile\"><figure class=\"wp-block-media-text__media\"><img loading=\"lazy\" decoding=\"async\" width=\"1200\" height=\"1200\" src=\"https:\/\/www.thron.com\/wp-content\/uploads\/2024\/08\/THRONX_BrandPortal_multibrand.webp\" alt=\"Immagine che rappresenta due Brand Portal in cui si osserva la possibilit\u00e0 di selezionare la lingua di visualizzazione.\" class=\"wp-image-15124 size-full\" srcset=\"https:\/\/www.thron.com\/wp-content\/uploads\/2024\/08\/THRONX_BrandPortal_multibrand.webp 1200w, https:\/\/www.thron.com\/wp-content\/uploads\/2024\/08\/THRONX_BrandPortal_multibrand-650x650.webp 650w, https:\/\/www.thron.com\/wp-content\/uploads\/2024\/08\/THRONX_BrandPortal_multibrand-150x150.webp 150w, https:\/\/www.thron.com\/wp-content\/uploads\/2024\/08\/THRONX_BrandPortal_multibrand-768x768.webp 768w, https:\/\/www.thron.com\/wp-content\/uploads\/2024\/08\/THRONX_BrandPortal_multibrand-350x350.webp 350w\" sizes=\"auto, (max-width: 1200px) 100vw, 1200px\" \/><\/figure><div class=\"wp-block-media-text__content\">\n<p class=\"is-style-occhiello\">Thron <strong>BRAND PORTAL<\/strong><\/p>\n\n\n\n<h2 class=\"wp-block-heading\"><strong>Multi-brand,<br>multi-lingua<\/strong><\/h2>\n\n\n\n<div style=\"height:30px\" aria-hidden=\"true\" class=\"wp-block-spacer\"><\/div>\n\n\n\n<p>Tieni sul pezzo partner, agenzie e lascia che in circolo ci siano sempre e solo i <strong>contenuti perfettamente allineati alla tua strategia<\/strong>.<\/p>\n\n\n\n<p>In tutte le lingue che vuoi. Per tutti i brand che vuoi.<\/p>\n<\/div><\/div>\n<\/div>\n\n\n\n<div style=\"height:160px\" aria-hidden=\"true\" class=\"wp-block-spacer\"><\/div>\n\n\n\n<div class=\"wp-block-columns is-layout-flex wp-container-core-columns-is-layout-9d6595d7 wp-block-columns-is-layout-flex\">\n<div class=\"wp-block-column is-layout-flow wp-block-column-is-layout-flow\">\n<p class=\"is-style-occhiello\">Thron <strong>BRAND PORTAL<\/strong><\/p>\n\n\n\n<h2 class=\"wp-block-heading\"><strong>Mantieni il controllo<br>in tempo reale<\/strong><\/h2>\n\n\n\n<div style=\"height:30px\" aria-hidden=\"true\" class=\"wp-block-spacer\"><\/div>\n\n\n\n<p>Governa gli accessi in piattaforma in modo flessibile e 100% sicuro.<\/p>\n\n\n\n<p>Monitora in ogni istante chi pu\u00f2 fruire dell&#8217;intero portale o di una parte di esso, stabilisci chi pu\u00f2 solo visualizzare i contenuti e chi pu\u00f2 anche scaricarli.<\/p>\n\n\n\n<p>Configura accessi selettivi in base a ruolo, team, divisione o region di appartenenza.<\/p>\n<\/div>\n\n\n\n<div class=\"wp-block-column is-layout-flow wp-block-column-is-layout-flow\">\n<figure class=\"wp-block-image size-full\"><img loading=\"lazy\" decoding=\"async\" width=\"1200\" height=\"1200\" src=\"https:\/\/www.thron.com\/wp-content\/uploads\/2024\/08\/THRONX_BrandPortal_controllo.webp\" alt=\"Immagine che rappresenta il processo di controllo degli accessi in piattaforma attraverso THRON Brand Portal. \" class=\"wp-image-15126\" srcset=\"https:\/\/www.thron.com\/wp-content\/uploads\/2024\/08\/THRONX_BrandPortal_controllo.webp 1200w, https:\/\/www.thron.com\/wp-content\/uploads\/2024\/08\/THRONX_BrandPortal_controllo-650x650.webp 650w, https:\/\/www.thron.com\/wp-content\/uploads\/2024\/08\/THRONX_BrandPortal_controllo-150x150.webp 150w, https:\/\/www.thron.com\/wp-content\/uploads\/2024\/08\/THRONX_BrandPortal_controllo-768x768.webp 768w, https:\/\/www.thron.com\/wp-content\/uploads\/2024\/08\/THRONX_BrandPortal_controllo-350x350.webp 350w\" sizes=\"auto, (max-width: 1200px) 100vw, 1200px\" \/><\/figure>\n<\/div>\n<\/div>\n\n\n\n<div style=\"height:160px\" aria-hidden=\"true\" class=\"wp-block-spacer\"><\/div>\n\n\n\n<div class=\"wp-block-group alignfull is-style-arrotondato is-layout-constrained wp-block-group-is-layout-constrained\">\n<div class=\"wp-block-media-text is-stacked-on-mobile\"><figure class=\"wp-block-media-text__media\"><img loading=\"lazy\" decoding=\"async\" width=\"1200\" height=\"1200\" src=\"https:\/\/www.thron.com\/wp-content\/uploads\/2023\/07\/THRONBRANDPORTAL_01.webp\" alt=\"Immagine che si compone di una foto di una donna vestita di rosso, che indossa un paio di occhiali da sole; e di aree di lavoro quali &quot;Overview&quot;, &quot;Descriptive&quot;, &quot;Technical&quot; e &quot;Choose download format&quot; presenti all'interno di THRON Brand Portal.\" class=\"wp-image-2153 size-full\" srcset=\"https:\/\/www.thron.com\/wp-content\/uploads\/2023\/07\/THRONBRANDPORTAL_01.webp 1200w, https:\/\/www.thron.com\/wp-content\/uploads\/2023\/07\/THRONBRANDPORTAL_01-650x650.webp 650w, https:\/\/www.thron.com\/wp-content\/uploads\/2023\/07\/THRONBRANDPORTAL_01-150x150.webp 150w, https:\/\/www.thron.com\/wp-content\/uploads\/2023\/07\/THRONBRANDPORTAL_01-768x768.webp 768w, https:\/\/www.thron.com\/wp-content\/uploads\/2023\/07\/THRONBRANDPORTAL_01-350x350.webp 350w\" sizes=\"auto, (max-width: 1200px) 100vw, 1200px\" \/><\/figure><div class=\"wp-block-media-text__content\">\n<p class=\"is-style-occhiello\">Thron <strong>BRAND PORTAL<\/strong><\/p>\n\n\n\n<h2 class=\"wp-block-heading\"><strong>Organizza il portale come preferisci<\/strong><\/h2>\n\n\n\n<div style=\"height:30px\" aria-hidden=\"true\" class=\"wp-block-spacer\"><\/div>\n\n\n\n<p>Veicola al meglio la tua strategia.<\/p>\n\n\n\n<p><strong>Crea sezioni personalizzate <\/strong>per l&#8217;accesso istantaneo a categorie specifiche di asset.<\/p>\n\n\n\n<p>Dai risalto alle collezioni o ai prodotti che sono pi\u00f9 in linea con gli obiettivi del tuo business.<\/p>\n<\/div><\/div>\n<\/div>\n\n\n\n<div style=\"height:160px\" aria-hidden=\"true\" class=\"wp-block-spacer\"><\/div>\n\n\n\n<div class=\"wp-block-columns is-layout-flex wp-container-core-columns-is-layout-9d6595d7 wp-block-columns-is-layout-flex\">\n<div class=\"wp-block-column is-layout-flow wp-block-column-is-layout-flow\">\n<p class=\"is-style-occhiello\">Thron <strong>BRAND PORTAL<\/strong><\/p>\n\n\n\n<h2 class=\"wp-block-heading\"><strong>\u00c8 cloud. E abbiamo detto tutto. No?<\/strong><\/h2>\n\n\n\n<div style=\"height:30px\" aria-hidden=\"true\" class=\"wp-block-spacer\"><\/div>\n\n\n\n<p>Il Brand Portal di THRON \u00e8 mobile first.<\/p>\n\n\n\n<p>Accedi agli asset condivisi con Brand Portal da un device connesso.<\/p>\n<\/div>\n\n\n\n<div class=\"wp-block-column is-layout-flow wp-block-column-is-layout-flow\">\n    <div id=\"block-img-stack-block_240e485f64e06829ca09c2596387e6e9\" class=\"block-img-stack\">\n                    <img loading=\"lazy\" decoding=\"async\" width=\"1110\" height=\"1110\" src=\"https:\/\/www.thron.com\/wp-content\/uploads\/2024\/08\/THRONX_BrandPortal_mobile.webp\" class=\"no-lazy\" alt=\"Immagine in cui si visualizzano due Brand Portal da mobile.\" srcset=\"https:\/\/www.thron.com\/wp-content\/uploads\/2024\/08\/THRONX_BrandPortal_mobile.webp 1200w, https:\/\/www.thron.com\/wp-content\/uploads\/2024\/08\/THRONX_BrandPortal_mobile-650x650.webp 650w, https:\/\/www.thron.com\/wp-content\/uploads\/2024\/08\/THRONX_BrandPortal_mobile-150x150.webp 150w, https:\/\/www.thron.com\/wp-content\/uploads\/2024\/08\/THRONX_BrandPortal_mobile-768x768.webp 768w, https:\/\/www.thron.com\/wp-content\/uploads\/2024\/08\/THRONX_BrandPortal_mobile-350x350.webp 350w\" sizes=\"auto, (max-width: 1110px) 100vw, 1110px\" \/>            <\/div>\n<\/div>\n<\/div>\n\n\n\n<div style=\"height:160px\" aria-hidden=\"true\" class=\"wp-block-spacer\"><\/div>\n\n\n\n<div class=\"wp-block-cover is-style-arrotondato\"><img loading=\"lazy\" decoding=\"async\" width=\"1920\" height=\"1080\" class=\"wp-block-cover__image-background wp-image-10119\" alt=\"Immagine di sfondo.\" src=\"https:\/\/www.thron.com\/wp-content\/uploads\/2023\/08\/CAME_thumbnail-1.webp\" data-object-fit=\"cover\" srcset=\"https:\/\/www.thron.com\/wp-content\/uploads\/2023\/08\/CAME_thumbnail-1.webp 1920w, https:\/\/www.thron.com\/wp-content\/uploads\/2023\/08\/CAME_thumbnail-1-650x366.webp 650w, https:\/\/www.thron.com\/wp-content\/uploads\/2023\/08\/CAME_thumbnail-1-1290x726.webp 1290w, https:\/\/www.thron.com\/wp-content\/uploads\/2023\/08\/CAME_thumbnail-1-768x432.webp 768w, https:\/\/www.thron.com\/wp-content\/uploads\/2023\/08\/CAME_thumbnail-1-1536x864.webp 1536w, https:\/\/www.thron.com\/wp-content\/uploads\/2023\/08\/CAME_thumbnail-1-350x197.webp 350w\" sizes=\"auto, (max-width: 1920px) 100vw, 1920px\" \/><span aria-hidden=\"true\" class=\"wp-block-cover__background has-background-dim-70 has-background-dim\"><\/span><div class=\"wp-block-cover__inner-container is-layout-flow wp-block-cover-is-layout-flow\">\n<div class=\"wp-block-group is-style-default has-white-color has-text-color is-layout-constrained wp-block-group-is-layout-constrained\">\n<div class=\"wp-block-columns is-layout-flex wp-container-core-columns-is-layout-9d6595d7 wp-block-columns-is-layout-flex\">\n<div class=\"wp-block-column is-layout-flow wp-block-column-is-layout-flow\">\n<div class=\"wp-block-group is-layout-constrained wp-block-group-is-layout-constrained\">\n<p class=\"has-orange-thron-color has-text-color has-link-color wp-elements-89318feeef41abd5166929d6d017f307\"><strong>SUCCESS CASE<\/strong><\/p>\n\n\n\n<h3 class=\"wp-block-heading\">L&#8217;HQ di CAME distribuisce asset differenti per ogni filiale del mondo<\/h3>\n\n\n\n<div style=\"height:30px\" aria-hidden=\"true\" class=\"wp-block-spacer\"><\/div>\n\n\n\n<div class=\"wp-block-buttons is-layout-flex wp-block-buttons-is-layout-flex\">\n<div class=\"wp-block-button is-style-outline is-style-outline--1\"><a class=\"wp-block-button__link wp-element-button\" href=\"https:\/\/www.thron.com\/it\/clienti\/came\/\">Vai al caso di successo<\/a><\/div>\n<\/div>\n<\/div>\n<\/div>\n\n\n\n<div class=\"wp-block-column is-layout-flow wp-block-column-is-layout-flow\"><\/div>\n<\/div>\n<\/div>\n<\/div><\/div>\n\n\n\n<div style=\"height:160px\" aria-hidden=\"true\" class=\"wp-block-spacer\"><\/div>\n\n\n\n<section id=\"block-carousel-testimonial-block_04153154133cf616bf5a3d13db965137\" class=\"block-carousel-testimonial\">\n            <div class=\"block-carousel-testimonial__slider\">\n                            <div class=\"block-carousel-testimonial__slide\">\n                    \n                                            <div class=\"block-carousel-testimonial__testo\">\n                            \u201cI nostri clienti B2B hanno accesso semplice e istantaneo ad asset e info di prodotto sempre aggiornati. Grazie ad un sistema di filtri ben strutturato trovano rapidamente ci\u00f2 che serve e possono scaricarlo in modo massivo.\u201d                         <\/div>\n                    \n                                            <div class=\"block-carousel-testimonial__nome\">\n                            Pierpaolo Bironi                        <\/div>\n                    \n                                            <div class=\"block-carousel-testimonial__azienda\">\n                            Head of E-commerce @Pettenon Cosmetics                        <\/div>\n                    \n                                    <\/div>\n                    <\/div>\n    <\/section>\n\n\n<div style=\"height:160px\" aria-hidden=\"true\" class=\"wp-block-spacer\"><\/div>\n\n\n\n<div class=\"wp-block-group alignfull is-style-sezione-grigia has-white-color has-violets-gradient-gradient-background has-text-color has-background is-layout-constrained wp-block-group-is-layout-constrained\">\n<div class=\"wp-block-columns is-layout-flex wp-container-core-columns-is-layout-9d6595d7 wp-block-columns-is-layout-flex\">\n<div class=\"wp-block-column is-layout-flow wp-block-column-is-layout-flow\">\n<p class=\"is-style-occhiello has-orange-thron-color has-text-color\">THRON PLATFORM<\/p>\n\n\n\n<h3 class=\"wp-block-heading has-white-color has-text-color\">Perch\u00e9 integrare sistemi se puoi avere tutto in una piattaforma unica?<\/h3>\n\n\n\n<p><br>THRON \u00e8 DAM, PIM e Media Delivery.<\/p>\n\n\n\n<div style=\"height:60px\" aria-hidden=\"true\" class=\"wp-block-spacer\"><\/div>\n\n\n\n<div class=\"wp-block-buttons is-layout-flex wp-block-buttons-is-layout-flex\">\n<div class=\"wp-block-button is-style-fill\"><a class=\"wp-block-button__link wp-element-button\" href=\"https:\/\/www.thron.com\/it\/platform\/thron-platform\">Scopri THRON PLATFORM<\/a><\/div>\n<\/div>\n<\/div>\n\n\n\n<div class=\"wp-block-column is-layout-flow wp-block-column-is-layout-flow\">\n    <div id=\"block-img-stack-block_745ff88bfd2b204ff0b469a91c9a19b9\" class=\"block-img-stack\">\n                    <img loading=\"lazy\" decoding=\"async\" width=\"1110\" height=\"1110\" src=\"https:\/\/www.thron.com\/wp-content\/uploads\/2024\/09\/THRONX_Platform_mainA-1290x1290.webp\" class=\"no-lazy\" alt=\"Anteprima dashboard di THRON Digital Assets.\" srcset=\"https:\/\/www.thron.com\/wp-content\/uploads\/2024\/09\/THRONX_Platform_mainA-1290x1290.webp 1290w, https:\/\/www.thron.com\/wp-content\/uploads\/2024\/09\/THRONX_Platform_mainA-650x650.webp 650w, https:\/\/www.thron.com\/wp-content\/uploads\/2024\/09\/THRONX_Platform_mainA-150x150.webp 150w, https:\/\/www.thron.com\/wp-content\/uploads\/2024\/09\/THRONX_Platform_mainA-768x768.webp 768w, https:\/\/www.thron.com\/wp-content\/uploads\/2024\/09\/THRONX_Platform_mainA-1536x1536.webp 1536w, https:\/\/www.thron.com\/wp-content\/uploads\/2024\/09\/THRONX_Platform_mainA-350x350.webp 350w, https:\/\/www.thron.com\/wp-content\/uploads\/2024\/09\/THRONX_Platform_mainA.webp 2000w\" sizes=\"auto, (max-width: 1110px) 100vw, 1110px\" \/>                    <img loading=\"lazy\" decoding=\"async\" width=\"1110\" height=\"1110\" src=\"https:\/\/www.thron.com\/wp-content\/uploads\/2024\/09\/THRONX_Platform_mainB-1290x1290.webp\" class=\"no-lazy\" alt=\"Anteprima dashboard di THRON Products.\" srcset=\"https:\/\/www.thron.com\/wp-content\/uploads\/2024\/09\/THRONX_Platform_mainB-1290x1290.webp 1290w, https:\/\/www.thron.com\/wp-content\/uploads\/2024\/09\/THRONX_Platform_mainB-650x650.webp 650w, https:\/\/www.thron.com\/wp-content\/uploads\/2024\/09\/THRONX_Platform_mainB-150x150.webp 150w, https:\/\/www.thron.com\/wp-content\/uploads\/2024\/09\/THRONX_Platform_mainB-768x768.webp 768w, https:\/\/www.thron.com\/wp-content\/uploads\/2024\/09\/THRONX_Platform_mainB-1536x1536.webp 1536w, https:\/\/www.thron.com\/wp-content\/uploads\/2024\/09\/THRONX_Platform_mainB-350x350.webp 350w, https:\/\/www.thron.com\/wp-content\/uploads\/2024\/09\/THRONX_Platform_mainB.webp 2000w\" sizes=\"auto, (max-width: 1110px) 100vw, 1110px\" \/>                    <img loading=\"lazy\" decoding=\"async\" width=\"1110\" height=\"1110\" src=\"https:\/\/www.thron.com\/wp-content\/uploads\/2024\/09\/THRONX_Platform_mainC-1290x1290.webp\" class=\"no-lazy\" alt=\"Player che mostra le foto di una modella e le diverse modalit\u00e0 di visualizzazione offerte da THRON PLATFORM.\" srcset=\"https:\/\/www.thron.com\/wp-content\/uploads\/2024\/09\/THRONX_Platform_mainC-1290x1290.webp 1290w, https:\/\/www.thron.com\/wp-content\/uploads\/2024\/09\/THRONX_Platform_mainC-650x650.webp 650w, https:\/\/www.thron.com\/wp-content\/uploads\/2024\/09\/THRONX_Platform_mainC-150x150.webp 150w, https:\/\/www.thron.com\/wp-content\/uploads\/2024\/09\/THRONX_Platform_mainC-768x768.webp 768w, https:\/\/www.thron.com\/wp-content\/uploads\/2024\/09\/THRONX_Platform_mainC-1536x1536.webp 1536w, https:\/\/www.thron.com\/wp-content\/uploads\/2024\/09\/THRONX_Platform_mainC-350x350.webp 350w, https:\/\/www.thron.com\/wp-content\/uploads\/2024\/09\/THRONX_Platform_mainC.webp 2000w\" sizes=\"auto, (max-width: 1110px) 100vw, 1110px\" \/>            <\/div>\n<\/div>\n<\/div>\n\n\n\n<div style=\"height:30px\" aria-hidden=\"true\" class=\"wp-block-spacer\"><\/div>\n<\/div>\n","protected":false},"excerpt":{"rendered":"<p>Lo crei. Lo personalizzi. Lo governi THRON PLATFORM governa l&#8217;intero ciclo di vita di asset digitali e dati di prodotto&#8230;.<\/p>\n","protected":false},"author":10,"featured_media":15982,"parent":17,"menu_order":0,"comment_status":"closed","ping_status":"closed","template":"","meta":{"_acf_changed":false,"footnotes":""},"class_list":["post-1249","page","type-page","status-publish","has-post-thumbnail","hentry"],"acf":[],"_links":{"self":[{"href":"https:\/\/www.thron.com\/it\/wp-json\/wp\/v2\/pages\/1249","targetHints":{"allow":["GET"]}}],"collection":[{"href":"https:\/\/www.thron.com\/it\/wp-json\/wp\/v2\/pages"}],"about":[{"href":"https:\/\/www.thron.com\/it\/wp-json\/wp\/v2\/types\/page"}],"author":[{"embeddable":true,"href":"https:\/\/www.thron.com\/it\/wp-json\/wp\/v2\/users\/10"}],"replies":[{"embeddable":true,"href":"https:\/\/www.thron.com\/it\/wp-json\/wp\/v2\/comments?post=1249"}],"version-history":[{"count":96,"href":"https:\/\/www.thron.com\/it\/wp-json\/wp\/v2\/pages\/1249\/revisions"}],"predecessor-version":[{"id":20250,"href":"https:\/\/www.thron.com\/it\/wp-json\/wp\/v2\/pages\/1249\/revisions\/20250"}],"up":[{"embeddable":true,"href":"https:\/\/www.thron.com\/it\/wp-json\/wp\/v2\/pages\/17"}],"wp:featuredmedia":[{"embeddable":true,"href":"https:\/\/www.thron.com\/it\/wp-json\/wp\/v2\/media\/15982"}],"wp:attachment":[{"href":"https:\/\/www.thron.com\/it\/wp-json\/wp\/v2\/media?parent=1249"}],"curies":[{"name":"wp","href":"https:\/\/api.w.org\/{rel}","templated":true}]}}