{"id":20625,"date":"2025-10-28T12:50:10","date_gmt":"2025-10-28T11:50:10","guid":{"rendered":"https:\/\/www.thron.com\/?page_id=20625"},"modified":"2025-10-28T19:11:04","modified_gmt":"2025-10-28T18:11:04","slug":"politica-qualita","status":"publish","type":"page","link":"https:\/\/www.thron.com\/it\/politica-qualita\/","title":{"rendered":"ISO 9001: Politica della Qualit\u00e0"},"content":{"rendered":"\n<div style=\"height:100px\" aria-hidden=\"true\" class=\"wp-block-spacer\"><\/div>\n\n\n\n<p>In THRON S.p.A. ci impegniamo a garantire il massimo livello di qualit\u00e0 in ogni aspetto delle nostre attivit\u00e0. Sappiamo che la qualit\u00e0 \u00e8 fondamentale per i nostri clienti e per il nostro successo. Per questo abbiamo implementato un Sistema di Gestione Integrato (IMS) conforme alla norma ISO 9001.<\/p>\n\n\n\n<p>La nostra Politica per la Qualit\u00e0 si fonda sui seguenti principi:<\/p>\n\n\n\n<ul class=\"wp-block-list\">\n<li><strong>Orientamento al cliente:<\/strong> ci impegniamo a comprendere e soddisfare bisogni, requisiti e aspettative dei clienti. La loro soddisfazione \u00e8 la nostra priorit\u00e0 e puntiamo a superarne le aspettative.<\/li>\n\n\n\n<li><strong>Miglioramento continuo:<\/strong> perseguiamo il miglioramento continuo in tutte le aree dell\u2019organizzazione. Riesaminiamo e ottimizziamo regolarmente processi, prodotti e servizi per garantirne efficacia ed efficienza.<\/li>\n\n\n\n<li><strong>Coinvolgimento delle persone:<\/strong> le nostre persone sono la risorsa pi\u00f9 preziosa. Promuoviamo la loro partecipazione attiva alle iniziative di miglioramento della qualit\u00e0: competenze e dedizione sono il motore del nostro successo.<\/li>\n\n\n\n<li><strong>Conformit\u00e0:<\/strong> rispettiamo tutti i requisiti legali e regolamentari applicabili. Il nostro SGI assicura che processi e prodotti soddisfino costantemente tali standard.<\/li>\n\n\n\n<li><strong>Responsabilit\u00e0:<\/strong> ci assumiamo la responsabilit\u00e0 della qualit\u00e0 del nostro lavoro. Tramite rigorosi controlli qualit\u00e0 e monitoraggio delle prestazioni, garantiamo il mantenimento dei pi\u00f9 elevati standard.<\/li>\n\n\n\n<li><strong>Comunicazione:<\/strong> una comunicazione aperta e trasparente \u00e8 essenziale. Coltiviamo una cultura di collaborazione e comunicazione efficace all\u2019interno dell\u2019organizzazione e con i clienti.<\/li>\n\n\n\n<li><strong>Gestione dei rischi:<\/strong> identifichiamo e gestiamo i rischi che possono influire sulla qualit\u00e0 di prodotti e servizi, adottando misure proattive per mitigarli.<\/li>\n\n\n\n<li><strong>Innovazione:<\/strong> promuoviamo una cultura dell\u2019innovazione che ci consenta di adattarci ai cambiamenti e di adottare nuove tecnologie, metodi e approcci.<\/li>\n<\/ul>\n\n\n\n<p>Aderendo a questi principi, THRON S.p.A. si impegna a fornire prodotti e servizi della massima qualit\u00e0, mantenendo e rafforzando la fiducia che i clienti ripongono in noi.<\/p>\n\n\n\n<div style=\"height:50px\" aria-hidden=\"true\" class=\"wp-block-spacer\"><\/div>\n\n\n\n<p class=\"has-text-align-center has-large-font-size\"><strong>THRON<\/strong><br><strong>Chief Executive Officer (CEO)<\/strong><\/p>\n\n\n\n<div style=\"height:50px\" aria-hidden=\"true\" class=\"wp-block-spacer\"><\/div>\n\n\n\n<p>Revisione del <strong>30\/05\/2023<\/strong><\/p>\n\n\n\n<div style=\"height:50px\" aria-hidden=\"true\" class=\"wp-block-spacer\"><\/div>\n\n\n\n<p><\/p>\n","protected":false},"excerpt":{"rendered":"<p>In THRON S.p.A. ci impegniamo a garantire il massimo livello di qualit\u00e0 in ogni aspetto delle nostre attivit\u00e0. Sappiamo che&#8230;<\/p>\n","protected":false},"author":11,"featured_media":0,"parent":0,"menu_order":0,"comment_status":"closed","ping_status":"closed","template":"","meta":{"_acf_changed":false,"footnotes":""},"class_list":["post-20625","page","type-page","status-publish","hentry"],"acf":[],"_links":{"self":[{"href":"https:\/\/www.thron.com\/it\/wp-json\/wp\/v2\/pages\/20625","targetHints":{"allow":["GET"]}}],"collection":[{"href":"https:\/\/www.thron.com\/it\/wp-json\/wp\/v2\/pages"}],"about":[{"href":"https:\/\/www.thron.com\/it\/wp-json\/wp\/v2\/types\/page"}],"author":[{"embeddable":true,"href":"https:\/\/www.thron.com\/it\/wp-json\/wp\/v2\/users\/11"}],"replies":[{"embeddable":true,"href":"https:\/\/www.thron.com\/it\/wp-json\/wp\/v2\/comments?post=20625"}],"version-history":[{"count":18,"href":"https:\/\/www.thron.com\/it\/wp-json\/wp\/v2\/pages\/20625\/revisions"}],"predecessor-version":[{"id":20680,"href":"https:\/\/www.thron.com\/it\/wp-json\/wp\/v2\/pages\/20625\/revisions\/20680"}],"wp:attachment":[{"href":"https:\/\/www.thron.com\/it\/wp-json\/wp\/v2\/media?parent=20625"}],"curies":[{"name":"wp","href":"https:\/\/api.w.org\/{rel}","templated":true}]}}