{"id":2664,"date":"2023-07-25T13:58:59","date_gmt":"2023-07-25T11:58:59","guid":{"rendered":"https:\/\/www.thron.com\/?page_id=2664"},"modified":"2025-06-25T14:17:25","modified_gmt":"2025-06-25T12:17:25","slug":"chi-siamo","status":"publish","type":"page","link":"https:\/\/www.thron.com\/it\/azienda\/chi-siamo\/","title":{"rendered":"Chi siamo"},"content":{"rendered":"\n<div class=\"wp-block-group alignfull is-style-default has-fade-blue-gradient-gradient-background has-background is-layout-constrained wp-block-group-is-layout-constrained\">\n<div class=\"wp-block-group is-style-stretto is-layout-constrained wp-block-group-is-layout-constrained\">\n<h3 class=\"wp-block-heading has-text-align-left has-white-color has-text-color\">Letteralmente<\/h3>\n\n\n\n<p class=\"has-text-align-left has-white-color has-text-color has-large-font-size\">Una software company SaaS che sviluppa una piattaforma unica per governare asset digitali (DAM) e informazioni di prodotto (PIM).<\/p>\n\n\n\n<div style=\"height:20px\" aria-hidden=\"true\" class=\"wp-block-spacer\"><\/div>\n\n\n\n<h3 class=\"wp-block-heading has-text-align-left has-white-color has-text-color\">Concretamente<\/h3>\n\n\n\n<p class=\"has-text-align-left has-white-color has-text-color has-large-font-size\">Un team di persone con l\u2019obiettivo di affiancare le aziende pi\u00f9 virtuose per rendere pi\u00f9 agili ed efficaci i loro processi.<\/p>\n\n\n\n<div style=\"height:20px\" aria-hidden=\"true\" class=\"wp-block-spacer\"><\/div>\n\n\n\n<h3 class=\"wp-block-heading has-text-align-left has-white-color has-text-color\">La nostra alba<\/h3>\n\n\n\n<p class=\"has-text-align-left has-white-color has-text-color has-large-font-size\">Nati al tramonto del secondo millennio come boutique digitale,<br>il nostro segno zodiacale \u00e8 l\u2019<strong>innovazione<\/strong>.<\/p>\n\n\n\n<p class=\"has-text-align-left has-white-color has-text-color has-large-font-size\">Intuito il valore del <strong>cloud<\/strong> al sorgere della nuvola, le aziende che gestiscono<br>i contenuti con THRON contano da sempre su potenza e controllo.<\/p>\n\n\n\n<p class=\"has-text-align-left has-white-color has-text-color has-large-font-size\">Aiutiamo i team a creare, gestire e approvare foto, video, documenti e dati, pubblicandoli alle massime performance su siti, portali ed e-commerce.<\/p>\n\n\n\n<div style=\"height:20px\" aria-hidden=\"true\" class=\"wp-block-spacer\"><\/div>\n\n\n\n<div style=\"height:160px\" aria-hidden=\"true\" class=\"wp-block-spacer\"><\/div>\n<\/div>\n\n\n\n<h2 class=\"wp-block-heading has-text-align-center\">Se dovessimo far parlare <br>i <strong>nostri numeri<\/strong><\/h2>\n\n\n\n<div style=\"height:60px\" aria-hidden=\"true\" class=\"wp-block-spacer\"><\/div>\n\n\n\n<div class=\"wp-block-columns is-layout-flex wp-container-core-columns-is-layout-9d6595d7 wp-block-columns-is-layout-flex\">\n<div class=\"wp-block-column is-layout-flow wp-block-column-is-layout-flow\">\n<p class=\"has-text-align-center has-blue-thron-color has-text-color has-xxlarge-font-size\"><strong>193\/193<\/strong><\/p>\n\n\n\n<h5 class=\"wp-block-heading has-text-align-center\"><strong>Paesi in cui THRON pu\u00f2 pubblicare gli asset<\/strong><\/h5>\n<\/div>\n\n\n\n<div class=\"wp-block-column is-layout-flow wp-block-column-is-layout-flow\">\n<p class=\"has-text-align-center has-blue-thron-color has-text-color has-xxlarge-font-size\"><strong>+16 Mln<\/strong><\/p>\n\n\n\n<h5 class=\"wp-block-heading has-text-align-center\"><strong>Asset creati, gestiti e distribuiti dai nostri clienti<\/strong><\/h5>\n<\/div>\n\n\n\n<div class=\"wp-block-column is-layout-flow wp-block-column-is-layout-flow\">\n<p class=\"has-text-align-center has-blue-thron-color has-text-color has-xxlarge-font-size\"><strong>99%<\/strong><\/p>\n\n\n\n<h5 class=\"wp-block-heading has-text-align-center\"><strong>Clienti soddisfatti del nostro Customer Service<\/strong><\/h5>\n<\/div>\n<\/div>\n\n\n\n<div style=\"height:80px\" aria-hidden=\"true\" class=\"wp-block-spacer\"><\/div>\n<\/div>\n\n\n\n<div style=\"height:80px\" aria-hidden=\"true\" class=\"wp-block-spacer\"><\/div>\n\n\n\n<h2 class=\"wp-block-heading has-text-align-center\">Le <span style=\"color:#0191b4\">idee<\/span> che ci guidano<\/h2>\n\n\n\n<div style=\"height:90px\" aria-hidden=\"true\" class=\"wp-block-spacer\"><\/div>\n\n\n\n<div class=\"wp-block-columns is-style-spazio-largo is-layout-flex wp-container-core-columns-is-layout-9d6595d7 wp-block-columns-is-layout-flex\">\n<div class=\"wp-block-column is-layout-flow wp-block-column-is-layout-flow\">\n<div class=\"wp-block-group is-style-box has-white-color has-blue-gradient-gradient-background has-text-color has-background is-layout-constrained wp-block-group-is-layout-constrained\">\n<p class=\"is-style-occhiello\">LA NOSTRA <span style=\"color:#F59600\">MISSION<\/span><\/p>\n\n\n\n<h3 class=\"wp-block-heading is-style-default\">Cosa stiamo facendo oggi<\/h3>\n\n\n\n<div style=\"height:30px\" aria-hidden=\"true\" class=\"wp-block-spacer\"><\/div>\n\n\n\n<p class=\"has-white-color has-text-color has-large-font-size\"><strong>Sviluppiamo un software che supporta l\u2019intero ciclo di vita di asset digitali e dati di prodotto.<\/strong><\/p>\n\n\n\n<div style=\"height:30px\" aria-hidden=\"true\" class=\"wp-block-spacer\"><\/div>\n<\/div>\n<\/div>\n\n\n\n<div class=\"wp-block-column is-layout-flow wp-block-column-is-layout-flow\">\n<div class=\"wp-block-group is-style-box has-white-color has-blue-gradient-gradient-background has-text-color has-background is-layout-constrained wp-block-group-is-layout-constrained\">\n<p class=\"is-style-occhiello\">LA NOSTRA <span style=\"color:#F59600\">VISION<\/span><\/p>\n\n\n\n<h3 class=\"wp-block-heading\">Cosa vogliamo essere domani<\/h3>\n\n\n\n<div style=\"height:30px\" aria-hidden=\"true\" class=\"wp-block-spacer\"><\/div>\n\n\n\n<p class=\"has-white-color has-text-color has-large-font-size\"><strong>I pionieri digitali delle competenze tecnologiche necessarie ai processi di comunicazione e vendita.<\/strong><\/p>\n\n\n\n<div style=\"height:30px\" aria-hidden=\"true\" class=\"wp-block-spacer\"><\/div>\n<\/div>\n<\/div>\n<\/div>\n\n\n\n<div style=\"height:160px\" aria-hidden=\"true\" class=\"wp-block-spacer\"><\/div>\n\n\n\n<div class=\"wp-block-media-text alignfull is-stacked-on-mobile\"><figure class=\"wp-block-media-text__media\"><img loading=\"lazy\" decoding=\"async\" width=\"1290\" height=\"1358\" src=\"https:\/\/www.thron.com\/wp-content\/uploads\/2023\/09\/Meneghello_Nicola_roundcut-1290x1358.webp\" alt=\"\" class=\"wp-image-10461 size-full\" srcset=\"https:\/\/www.thron.com\/wp-content\/uploads\/2023\/09\/Meneghello_Nicola_roundcut-1290x1358.webp 1290w, https:\/\/www.thron.com\/wp-content\/uploads\/2023\/09\/Meneghello_Nicola_roundcut-650x684.webp 650w, https:\/\/www.thron.com\/wp-content\/uploads\/2023\/09\/Meneghello_Nicola_roundcut-768x808.webp 768w, https:\/\/www.thron.com\/wp-content\/uploads\/2023\/09\/Meneghello_Nicola_roundcut-1459x1536.webp 1459w, https:\/\/www.thron.com\/wp-content\/uploads\/2023\/09\/Meneghello_Nicola_roundcut-350x368.webp 350w, https:\/\/www.thron.com\/wp-content\/uploads\/2023\/09\/Meneghello_Nicola_roundcut.webp 1900w\" sizes=\"auto, (max-width: 1290px) 100vw, 1290px\" \/><\/figure><div class=\"wp-block-media-text__content\">\n<blockquote class=\"wp-block-quote has-text-align-right is-layout-flow wp-block-quote-is-layout-flow\">\n<p>\u201cTHRON procede sul sentiero di pionieri e visionari che vivono per abbattere barriere e creare nuovi paradigmi.<\/p>\n\n\n\n<p>Umani che semplificano il complesso senza banalizzarlo, attraverso la dolorosa necessit\u00e0 del pensiero.\u201d<\/p>\n<cite><strong>Nicola Meneghello<br><\/strong>Presidente &amp; Founder<\/cite><\/blockquote>\n<\/div><\/div>\n\n\n\n<div style=\"height:160px\" aria-hidden=\"true\" class=\"wp-block-spacer\"><\/div>\n\n\n\n<div class=\"wp-block-group alignfull is-style-arrotondato is-layout-constrained wp-block-group-is-layout-constrained\">\n<h2 class=\"wp-block-heading has-text-align-center has-dark-purple-thron-color has-text-color\">I <span style=\"color:#0191b4\">valori<\/span> che ci ispirano<\/h2>\n\n\n\n<div style=\"height:90px\" aria-hidden=\"true\" class=\"wp-block-spacer\"><\/div>\n\n\n\n<div class=\"wp-block-columns is-style-spazio-largo has-white-color has-text-color is-layout-flex wp-container-core-columns-is-layout-9d6595d7 wp-block-columns-is-layout-flex\">\n<div class=\"wp-block-column is-layout-flow wp-block-column-is-layout-flow\">\n<h3 class=\"wp-block-heading has-dark-purple-thron-color has-text-color\">Antifragilit\u00e0<\/h3>\n\n\n\n<div style=\"height:30px\" aria-hidden=\"true\" class=\"wp-block-spacer\"><\/div>\n\n\n\n<p class=\"has-dark-purple-thron-color has-text-color\">Il robusto resiste agli shock, il resiliente tenta di assorbirli.<\/p>\n\n\n\n<p class=\"has-dark-purple-thron-color has-text-color\">L\u2019antifragile se ne nutre, consapevole di migliorarsi.<\/p>\n<\/div>\n\n\n\n<div class=\"wp-block-column is-layout-flow wp-block-column-is-layout-flow\">\n<h3 class=\"wp-block-heading has-dark-purple-thron-color has-text-color\">Perseveranza<\/h3>\n\n\n\n<div style=\"height:30px\" aria-hidden=\"true\" class=\"wp-block-spacer\"><\/div>\n\n\n\n<p class=\"has-dark-purple-thron-color has-text-color\">Come energia preziosa che accompagna il nostro viaggio.<\/p>\n\n\n\n<p class=\"has-dark-purple-thron-color has-text-color\">La meta? L\u2019irrinunciabile e costante ricerca dell\u2019eccellenza.<\/p>\n<\/div>\n<\/div>\n\n\n\n<div style=\"height:30px\" aria-hidden=\"true\" class=\"wp-block-spacer\"><\/div>\n\n\n\n<div class=\"wp-block-columns is-style-spazio-largo has-white-color has-text-color is-layout-flex wp-container-core-columns-is-layout-9d6595d7 wp-block-columns-is-layout-flex\">\n<div class=\"wp-block-column is-layout-flow wp-block-column-is-layout-flow\">\n<h3 class=\"wp-block-heading has-dark-purple-thron-color has-text-color\">Ispirazione<\/h3>\n\n\n\n<div style=\"height:30px\" aria-hidden=\"true\" class=\"wp-block-spacer\"><\/div>\n\n\n\n<p class=\"has-dark-purple-thron-color has-text-color\">Che vogliamo evocare nelle persone con cui interagiamo.<\/p>\n\n\n\n<p class=\"has-dark-purple-thron-color has-text-color\">Dagli utenti che utilizzano la piattaforma ai nostri team.<\/p>\n<\/div>\n\n\n\n<div class=\"wp-block-column is-layout-flow wp-block-column-is-layout-flow\">\n<h3 class=\"wp-block-heading has-dark-purple-thron-color has-text-color\">Consapevolezza<\/h3>\n\n\n\n<div style=\"height:30px\" aria-hidden=\"true\" class=\"wp-block-spacer\"><\/div>\n\n\n\n<p class=\"has-dark-purple-thron-color has-text-color\">Che illumina presente e futuro dei clienti che ci scelgono.<\/p>\n\n\n\n<p class=\"has-dark-purple-thron-color has-text-color\">Abilitata da tecnologie e know-how che ci rendono unici.<\/p>\n<\/div>\n<\/div>\n<\/div>\n\n\n\n<div class=\"wp-block-group alignfull is-layout-constrained wp-block-group-is-layout-constrained\">\n<div style=\"height:160px\" aria-hidden=\"true\" class=\"wp-block-spacer\"><\/div>\n<\/div>\n\n\n\n<div class=\"wp-block-group is-layout-constrained wp-block-group-is-layout-constrained\">\n<h2 class=\"wp-block-heading has-text-align-center\">L&#8217;<span style=\"color:#0191b4\">impatto<\/span> che vogliamo avere<\/h2>\n\n\n\n<div style=\"height:90px\" aria-hidden=\"true\" class=\"wp-block-spacer\"><\/div>\n\n\n\n<div class=\"wp-block-columns is-layout-flex wp-container-core-columns-is-layout-9d6595d7 wp-block-columns-is-layout-flex\">\n<div class=\"wp-block-column is-vertically-aligned-top is-layout-flow wp-block-column-is-layout-flow\">\n<h3 class=\"wp-block-heading\">THRON Corporate Social Responsibility<\/h3>\n\n\n\n<div style=\"height:30px\" aria-hidden=\"true\" class=\"wp-block-spacer\"><\/div>\n\n\n\n<p>Garantire equilibrio ai <strong>team<\/strong>, supportare la crescita della <strong>comunit\u00e0<\/strong> e contribuire allo sviluppo del nostro <strong>territorio<\/strong>.<\/p>\n\n\n\n<p>Questo, per noi, \u00e8 il significato pi\u00f9 profondo di responsabilit\u00e0 sociale d\u2019impresa.<\/p>\n\n\n\n<div style=\"height:60px\" aria-hidden=\"true\" class=\"wp-block-spacer\"><\/div>\n\n\n\n<div class=\"wp-block-buttons is-layout-flex wp-block-buttons-is-layout-flex\">\n<div class=\"wp-block-button is-style-fill\"><a class=\"wp-block-button__link wp-element-button\" href=\"https:\/\/www.thron.com\/it\/azienda\/corporate-social-responsibility\/\">Scopri il nostro impatto<\/a><\/div>\n<\/div>\n<\/div>\n\n\n\n<div class=\"wp-block-column is-vertically-aligned-top is-layout-flow wp-block-column-is-layout-flow\">\n<figure class=\"wp-block-image aligncenter size-full\"><img loading=\"lazy\" decoding=\"async\" width=\"1200\" height=\"699\" src=\"https:\/\/www.thron.com\/wp-content\/uploads\/2023\/08\/CSR_goals.webp\" alt=\"\" class=\"wp-image-4416\" srcset=\"https:\/\/www.thron.com\/wp-content\/uploads\/2023\/08\/CSR_goals.webp 1200w, https:\/\/www.thron.com\/wp-content\/uploads\/2023\/08\/CSR_goals-650x379.webp 650w, https:\/\/www.thron.com\/wp-content\/uploads\/2023\/08\/CSR_goals-768x447.webp 768w, https:\/\/www.thron.com\/wp-content\/uploads\/2023\/08\/CSR_goals-350x204.webp 350w\" sizes=\"auto, (max-width: 1200px) 100vw, 1200px\" \/><\/figure>\n<\/div>\n<\/div>\n\n\n\n<div style=\"height:160px\" aria-hidden=\"true\" class=\"wp-block-spacer\"><\/div>\n<\/div>\n\n\n\n<div class=\"wp-block-group alignfull is-style-sezione-grigia has-blue-gradient-gradient-background has-background is-layout-constrained wp-block-group-is-layout-constrained\">\n<h2 class=\"wp-block-heading has-text-align-center has-white-color has-text-color\">Life@THRON: com&#8217;\u00e8 lavorare da noi?<\/h2>\n\n\n\n<div style=\"height:30px\" aria-hidden=\"true\" class=\"wp-block-spacer\"><\/div>\n\n\n\n<p class=\"has-text-align-center has-white-color has-text-color\">Quando non lavoriamo da remoto popoliamo Palazzo Negrelli, edificio storico della citt\u00e0 che ci regala un punto di vista privilegiato da cui ammirare tutta l\u2019imponenza barocca di Villa Contarini.<\/p>\n\n\n\n<div style=\"height:30px\" aria-hidden=\"true\" class=\"wp-block-spacer\"><\/div>\n\n\n\n<figure class=\"wp-block-video aligncenter\"><video height=\"1080\" style=\"aspect-ratio: 1920 \/ 1080;\" width=\"1920\" autoplay loop muted src=\"https:\/\/www.thron.com\/wp-content\/uploads\/2024\/01\/VideoLife@THRON_chi-siamo_vp8.webm\"><\/video><\/figure>\n\n\n\n<div style=\"height:60px\" aria-hidden=\"true\" class=\"wp-block-spacer\"><\/div>\n\n\n\n<div class=\"wp-block-buttons is-content-justification-center is-layout-flex wp-container-core-buttons-is-layout-16018d1d wp-block-buttons-is-layout-flex\">\n<div class=\"wp-block-button is-style-fill\"><a class=\"wp-block-button__link has-text-align-left wp-element-button\" href=\"https:\/\/www.thron.com\/it\/azienda\/life-at-thron\/\">Scopri la vita in THRON<\/a><\/div>\n<\/div>\n<\/div>\n","protected":false},"excerpt":{"rendered":"<p>Letteralmente Una software company SaaS che sviluppa una piattaforma unica per governare asset digitali (DAM) e informazioni di prodotto (PIM)&#8230;.<\/p>\n","protected":false},"author":1,"featured_media":8804,"parent":8132,"menu_order":0,"comment_status":"closed","ping_status":"closed","template":"template\/chi-siamo.php","meta":{"_acf_changed":false,"footnotes":""},"class_list":["post-2664","page","type-page","status-publish","has-post-thumbnail","hentry"],"acf":[],"_links":{"self":[{"href":"https:\/\/www.thron.com\/it\/wp-json\/wp\/v2\/pages\/2664","targetHints":{"allow":["GET"]}}],"collection":[{"href":"https:\/\/www.thron.com\/it\/wp-json\/wp\/v2\/pages"}],"about":[{"href":"https:\/\/www.thron.com\/it\/wp-json\/wp\/v2\/types\/page"}],"author":[{"embeddable":true,"href":"https:\/\/www.thron.com\/it\/wp-json\/wp\/v2\/users\/1"}],"replies":[{"embeddable":true,"href":"https:\/\/www.thron.com\/it\/wp-json\/wp\/v2\/comments?post=2664"}],"version-history":[{"count":200,"href":"https:\/\/www.thron.com\/it\/wp-json\/wp\/v2\/pages\/2664\/revisions"}],"predecessor-version":[{"id":19173,"href":"https:\/\/www.thron.com\/it\/wp-json\/wp\/v2\/pages\/2664\/revisions\/19173"}],"up":[{"embeddable":true,"href":"https:\/\/www.thron.com\/it\/wp-json\/wp\/v2\/pages\/8132"}],"wp:featuredmedia":[{"embeddable":true,"href":"https:\/\/www.thron.com\/it\/wp-json\/wp\/v2\/media\/8804"}],"wp:attachment":[{"href":"https:\/\/www.thron.com\/it\/wp-json\/wp\/v2\/media?parent=2664"}],"curies":[{"name":"wp","href":"https:\/\/api.w.org\/{rel}","templated":true}]}}