{"id":5640,"date":"2023-08-08T14:20:28","date_gmt":"2023-08-08T12:20:28","guid":{"rendered":"https:\/\/www.thron.com\/?page_id=5640"},"modified":"2025-05-29T11:05:57","modified_gmt":"2025-05-29T09:05:57","slug":"north","status":"publish","type":"page","link":"https:\/\/www.thron.com\/it\/north\/","title":{"rendered":"NORTH"},"content":{"rendered":"\n<section id=\"block-carousel-testimonial-block_ac76e092718fce74cac64774eb17c2ec\" class=\"block-carousel-testimonial\">\n            <div class=\"block-carousel-testimonial__slider\">\n                            <div class=\"block-carousel-testimonial__slide\">\n                    \n                                            <div class=\"block-carousel-testimonial__testo\">\n                            A piedi, via mare o in volo, donne e uomini <br \/>\r\nviaggiano da sempre.<br \/>\r\n<br \/>\r\nStelle, venti e bussole hanno permesso <br \/>\r\nagli antichi di orientarsi nel mondo, contribuendo <br \/>\r\nallo sviluppo del nostro pianeta. <br \/>\r\n<br \/>\r\nMigliaia di anni dopo, <br \/>\r\nperdersi \u00e8 pi\u00f9 facile di quanto sembri.                         <\/div>\n                    \n                    \n                    \n                                    <\/div>\n                    <\/div>\n    <\/section>\n\n\n<div class=\"wp-block-group alignfull has-white-color has-white-background-color has-text-color has-background is-layout-constrained wp-block-group-is-layout-constrained\">\n<div style=\"height:90px\" aria-hidden=\"true\" class=\"wp-block-spacer\"><\/div>\n\n\n\n<div class=\"wp-block-columns is-layout-flex wp-container-core-columns-is-layout-9d6595d7 wp-block-columns-is-layout-flex\">\n<div class=\"wp-block-column is-layout-flow wp-block-column-is-layout-flow\">\n<div class=\"wp-block-group is-style-box has-dark-purple-thron-background-color has-background is-layout-constrained wp-block-group-is-layout-constrained\">\n<h2 class=\"wp-block-heading\">Perch\u00e8?<\/h2>\n\n\n\n<div style=\"height:30px\" aria-hidden=\"true\" class=\"wp-block-spacer\"><\/div>\n\n\n\n<p>Ci sembra una domanda lecita.<\/p>\n\n\n\n<p>Considerala il raccordo tra presente e futuro della gestione di contenuti digitali e dati di prodotto.<\/p>\n\n\n\n<p>Perch\u00e9 leggere i trend \u00e8 importante ma \u00e8 interpretarli a fare la differenza secondo noi.<\/p>\n<\/div>\n\n\n\n<div style=\"height:60px\" aria-hidden=\"true\" class=\"wp-block-spacer\"><\/div>\n<\/div>\n\n\n\n<div class=\"wp-block-column is-layout-flow wp-block-column-is-layout-flow\">\n<div class=\"wp-block-group is-style-box has-white-color has-dark-purple-thron-background-color has-text-color has-background is-layout-constrained wp-block-group-is-layout-constrained\">\n<h2 class=\"wp-block-heading\">Per chi?<\/h2>\n\n\n\n<div style=\"height:30px\" aria-hidden=\"true\" class=\"wp-block-spacer\"><\/div>\n\n\n\n<p>Tutte e tutti. Pure per te.<\/p>\n\n\n\n<p>Soprattutto se nel nome del tuo team o in quello del tuo ruolo c\u2019\u00e8 una delle parole che seguono.<\/p>\n\n\n\n<p><em>IT, digital, marketing, e-commerce, innovation, information, operation. Manager, head o specialist.<\/em><\/p>\n<\/div>\n\n\n\n<div style=\"height:60px\" aria-hidden=\"true\" class=\"wp-block-spacer\"><\/div>\n<\/div>\n<\/div>\n<\/div>\n\n\n\n<div class=\"wp-block-group is-style-box is-layout-constrained wp-block-group-is-layout-constrained\">\n<div class=\"wp-block-columns is-layout-flex wp-container-core-columns-is-layout-9d6595d7 wp-block-columns-is-layout-flex\">\n<div class=\"wp-block-column is-layout-flow wp-block-column-is-layout-flow\">\n<figure class=\"wp-block-image aligncenter size-full\"><img loading=\"lazy\" decoding=\"async\" width=\"1200\" height=\"800\" src=\"https:\/\/www.thron.com\/wp-content\/uploads\/2023\/08\/NORTH_grafica_crop.webp\" alt=\"Icona di una busta da cui fuoriesce una lettera con titolo &quot;north&quot;, attorno alla quale si estende una scia creata dal volo di un razzo spaziale.\" class=\"wp-image-7548\" srcset=\"https:\/\/www.thron.com\/wp-content\/uploads\/2023\/08\/NORTH_grafica_crop.webp 1200w, https:\/\/www.thron.com\/wp-content\/uploads\/2023\/08\/NORTH_grafica_crop-650x433.webp 650w, https:\/\/www.thron.com\/wp-content\/uploads\/2023\/08\/NORTH_grafica_crop-768x512.webp 768w, https:\/\/www.thron.com\/wp-content\/uploads\/2023\/08\/NORTH_grafica_crop-350x233.webp 350w\" sizes=\"auto, (max-width: 1200px) 100vw, 1200px\" \/><\/figure>\n<\/div>\n\n\n\n<div class=\"wp-block-column is-layout-flow wp-block-column-is-layout-flow\">\n<h2 class=\"wp-block-heading has-purple-thron-color has-text-color\">Per te<\/h2>\n\n\n\n<div style=\"height:30px\" aria-hidden=\"true\" class=\"wp-block-spacer\"><\/div>\n\n\n\n<p class=\"has-purple-thron-color has-text-color\">Sappi che \u00e8 molto pi\u00f9 di una newsletter.<\/p>\n\n\n\n<p class=\"has-purple-thron-color has-text-color\">Proprio come NORTH \u00e8 molto di pi\u00f9 di un semplice anagramma di THRON.<\/p>\n\n\n\n<p class=\"has-purple-thron-color has-text-color\">Perch\u00e9 al centro ci sarete tu e il futuro della gestione digitale di dati e asset digitali. Non i nostri prodotti. <\/p>\n<\/div>\n<\/div>\n<\/div>\n\n\n\n<div style=\"height:60px\" aria-hidden=\"true\" class=\"wp-block-spacer\"><\/div>\n\n\n\n<div class=\"wp-block-group alignfull has-white-color has-white-background-color has-text-color has-background is-layout-constrained wp-block-group-is-layout-constrained\">\n<div class=\"wp-block-columns is-layout-flex wp-container-core-columns-is-layout-9d6595d7 wp-block-columns-is-layout-flex\">\n<div class=\"wp-block-column is-layout-flow wp-block-column-is-layout-flow\">\n<div class=\"wp-block-group is-style-box has-dark-purple-thron-background-color has-background is-layout-constrained wp-block-group-is-layout-constrained\">\n<h2 class=\"wp-block-heading\">Per noi<\/h2>\n\n\n\n<div style=\"height:30px\" aria-hidden=\"true\" class=\"wp-block-spacer\"><\/div>\n\n\n\n<p>Per ricordare il sapere nella frenesia del fare.<\/p>\n\n\n\n<p>Ci ispiriamo alla nostra visione e analizziamo ci\u00f2 che ci circonda, mescolando il tutto con l\u2019esperienza.<\/p>\n\n\n\n<p>La scriviamo con passione, condendola con un pizzico di ironia a cui non riusciamo a rinunciare.<\/p>\n<\/div>\n\n\n\n<div style=\"height:60px\" aria-hidden=\"true\" class=\"wp-block-spacer\"><\/div>\n<\/div>\n\n\n\n<div class=\"wp-block-column is-layout-flow wp-block-column-is-layout-flow\">\n<div class=\"wp-block-group is-style-box has-white-color has-dark-purple-thron-background-color has-text-color has-background is-layout-constrained wp-block-group-is-layout-constrained\">\n<h2 class=\"wp-block-heading\">Per tutto questo<\/h2>\n\n\n\n<div style=\"height:30px\" aria-hidden=\"true\" class=\"wp-block-spacer\"><\/div>\n\n\n\n<p>Ma anche per molto altro.<\/p>\n\n\n\n<p>Per i dati, le ricerche, i sondaggi e i report che selezioniamo con cura ogni mese.<\/p>\n\n\n\n<p>E I link ai nostri eventi, i white paper, le infografiche e tutte le guide che scriviamo mese dopo mese.<\/p>\n<\/div>\n\n\n\n<div style=\"height:60px\" aria-hidden=\"true\" class=\"wp-block-spacer\"><\/div>\n<\/div>\n<\/div>\n\n\n\n<div style=\"height:60px\" aria-hidden=\"true\" class=\"wp-block-spacer\"><\/div>\n<\/div>\n\n\n\n<div class=\"wp-block-buttons is-content-justification-center is-layout-flex wp-container-core-buttons-is-layout-16018d1d wp-block-buttons-is-layout-flex\">\n<div class=\"wp-block-button\"><a class=\"wp-block-button__link wp-element-button\" href=\"#north-top\">Dai, inizia il viaggio \ud83d\ude09<\/a><\/div>\n<\/div>\n\n\n\n<div style=\"height:160px\" aria-hidden=\"true\" class=\"wp-block-spacer\"><\/div>\n","protected":false},"excerpt":{"rendered":"<p>Perch\u00e8? Ci sembra una domanda lecita. Considerala il raccordo tra presente e futuro della gestione di contenuti digitali e dati&#8230;<\/p>\n","protected":false},"author":10,"featured_media":8707,"parent":0,"menu_order":0,"comment_status":"closed","ping_status":"closed","template":"template\/north.php","meta":{"_acf_changed":false,"footnotes":""},"class_list":["post-5640","page","type-page","status-publish","has-post-thumbnail","hentry"],"acf":[],"_links":{"self":[{"href":"https:\/\/www.thron.com\/it\/wp-json\/wp\/v2\/pages\/5640","targetHints":{"allow":["GET"]}}],"collection":[{"href":"https:\/\/www.thron.com\/it\/wp-json\/wp\/v2\/pages"}],"about":[{"href":"https:\/\/www.thron.com\/it\/wp-json\/wp\/v2\/types\/page"}],"author":[{"embeddable":true,"href":"https:\/\/www.thron.com\/it\/wp-json\/wp\/v2\/users\/10"}],"replies":[{"embeddable":true,"href":"https:\/\/www.thron.com\/it\/wp-json\/wp\/v2\/comments?post=5640"}],"version-history":[{"count":111,"href":"https:\/\/www.thron.com\/it\/wp-json\/wp\/v2\/pages\/5640\/revisions"}],"predecessor-version":[{"id":20974,"href":"https:\/\/www.thron.com\/it\/wp-json\/wp\/v2\/pages\/5640\/revisions\/20974"}],"wp:featuredmedia":[{"embeddable":true,"href":"https:\/\/www.thron.com\/it\/wp-json\/wp\/v2\/media\/8707"}],"wp:attachment":[{"href":"https:\/\/www.thron.com\/it\/wp-json\/wp\/v2\/media?parent=5640"}],"curies":[{"name":"wp","href":"https:\/\/api.w.org\/{rel}","templated":true}]}}