{"id":5721,"date":"2023-08-08T16:35:28","date_gmt":"2023-08-08T14:35:28","guid":{"rendered":"https:\/\/www.thron.com\/?page_id=5721"},"modified":"2025-11-04T17:41:14","modified_gmt":"2025-11-04T16:41:14","slug":"demo","status":"publish","type":"page","link":"https:\/\/www.thron.com\/it\/demo\/","title":{"rendered":"DEMO"},"content":{"rendered":"\n<h2 class=\"wp-block-heading\">Cosa succeder\u00e0 una volta compilato il form?<\/h2>\n\n\n\n<div style=\"height:100px\" aria-hidden=\"true\" class=\"wp-block-spacer\"><\/div>\n\n\n\n<div class=\"wp-block-group alignfull has-white-color has-fade-violets-gradient-inverse-gradient-background has-text-color has-background is-layout-constrained wp-block-group-is-layout-constrained\">\n<div class=\"wp-block-columns is-layout-flex wp-container-core-columns-is-layout-9d6595d7 wp-block-columns-is-layout-flex\">\n<div class=\"wp-block-column is-layout-flow wp-block-column-is-layout-flow\">\n<div class=\"wp-block-group is-style-box has-purple-thron-background-color has-background is-layout-constrained wp-block-group-is-layout-constrained\">\n<h2 class=\"wp-block-heading\">Inizier\u00e0 tutto da una chiacchierata<\/h2>\n\n\n\n<div style=\"height:30px\" aria-hidden=\"true\" class=\"wp-block-spacer\"><\/div>\n\n\n\n<p>Quando avrai compilato il form ci conosceremo.<\/p>\n\n\n\n<p>Ascolteremo le tue esigenze e ti presenteremo THRON, condividendoti alcune best practice di realt\u00e0 simili alla tua.<\/p>\n<\/div>\n\n\n\n<div style=\"height:60px\" aria-hidden=\"true\" class=\"wp-block-spacer\"><\/div>\n<\/div>\n\n\n\n<div class=\"wp-block-column is-layout-flow wp-block-column-is-layout-flow\">\n<div class=\"wp-block-group is-style-box has-purple-thron-background-color has-background is-layout-constrained wp-block-group-is-layout-constrained\">\n<h2 class=\"wp-block-heading\">Unica, come la tua azienda<\/h2>\n\n\n\n<div style=\"height:30px\" aria-hidden=\"true\" class=\"wp-block-spacer\"><\/div>\n\n\n\n<p>Una panoramica completa su funzionalit\u00e0 e caratteristiche della nostra piattaforma.<\/p>\n\n\n\n<p>Il focus, ovviamente, sar\u00e0 su quelle che sono pi\u00f9 importanti per le esigenze della tua azienda.<\/p>\n<\/div>\n<\/div>\n<\/div>\n\n\n\n<div class=\"wp-block-columns has-purple-thron-color has-text-color is-layout-flex wp-container-core-columns-is-layout-9d6595d7 wp-block-columns-is-layout-flex\">\n<div class=\"wp-block-column is-layout-flow wp-block-column-is-layout-flow\">\n<div style=\"height:60px\" aria-hidden=\"true\" class=\"wp-block-spacer\"><\/div>\n<\/div>\n<\/div>\n\n\n\n<figure class=\"wp-block-video\"><video controls src=\"https:\/\/hub-cdn.thron.com\/delivery\/public\/video\/hub\/1e77839a-73f6-43ad-9ce9-f206253f4296\/dj6nfq\/WEBHD\/thron-video-netcomm-2025-1024x512\"><\/video><\/figure>\n\n\n\n<div class=\"wp-block-columns is-layout-flex wp-container-core-columns-is-layout-9d6595d7 wp-block-columns-is-layout-flex\">\n<div class=\"wp-block-column is-layout-flow wp-block-column-is-layout-flow\">\n<div style=\"height:100px\" aria-hidden=\"true\" class=\"wp-block-spacer\"><\/div>\n\n\n\n<div class=\"wp-block-group is-style-box has-purple-thron-background-color has-background is-layout-constrained wp-block-group-is-layout-constrained\">\n<h2 class=\"wp-block-heading\">Vuoi diffondere il verbo del Trono?<\/h2>\n\n\n\n<div style=\"height:30px\" aria-hidden=\"true\" class=\"wp-block-spacer\"><\/div>\n\n\n\n<p>Se vorrai far conoscere THRON a colleghi e ad altri team, ripeteremo la demo con piacere.<\/p>\n\n\n\n<p>Con l\u2019occasione, condivideremo metriche e KPI della piattaforma misurati da analisti del settore.<\/p>\n<\/div>\n\n\n\n<div style=\"height:60px\" aria-hidden=\"true\" class=\"wp-block-spacer\"><\/div>\n<\/div>\n\n\n\n<div class=\"wp-block-column is-layout-flow wp-block-column-is-layout-flow\">\n<div style=\"height:100px\" aria-hidden=\"true\" class=\"wp-block-spacer\"><\/div>\n\n\n\n<div class=\"wp-block-group is-style-box has-purple-thron-background-color has-background is-layout-constrained wp-block-group-is-layout-constrained\">\n<h2 class=\"wp-block-heading\">Invio dell&#8217;offerta commerciale<\/h2>\n\n\n\n<div style=\"height:30px\" aria-hidden=\"true\" class=\"wp-block-spacer\"><\/div>\n\n\n\n<p>THRON PLATFORM \u00e8 un software enterprise, per cui ti forniremo una quotazione solo dopo esserci confrontati sulle tue specifiche esigenze.<\/p>\n\n\n\n<p>Cio\u00e8, dopo gli step precedenti \ud83d\ude09<\/p>\n<\/div>\n<\/div>\n<\/div>\n\n\n\n<div style=\"height:160px\" aria-hidden=\"true\" class=\"wp-block-spacer\"><\/div>\n<\/div>\n\n\n\n<div class=\"wp-block-group alignfull has-violets-gradient-gradient-background has-background is-layout-constrained wp-block-group-is-layout-constrained\">\n<div class=\"wp-block-group is-layout-constrained wp-block-group-is-layout-constrained\">\n<div class=\"wp-block-media-text has-media-on-the-right is-stacked-on-mobile\"><div class=\"wp-block-media-text__content\">\n<h2 class=\"wp-block-heading has-white-color has-text-color\">Preferiamo i fatti alle parole. Lo sai<\/h2>\n\n\n\n<div style=\"height:60px\" aria-hidden=\"true\" class=\"wp-block-spacer\"><\/div>\n\n\n\n<div class=\"wp-block-buttons is-layout-flex wp-block-buttons-is-layout-flex\">\n<div class=\"wp-block-button is-style-outline is-style-outline--1\"><a class=\"wp-block-button__link has-orange-thron-color has-text-color wp-element-button\" href=\"https:\/\/www.thron.com\/it\/lp-tei\/\">Scarica il report di Forrester<\/a><\/div>\n<\/div>\n<\/div><figure class=\"wp-block-media-text__media\"><img loading=\"lazy\" decoding=\"async\" width=\"1290\" height=\"1032\" src=\"https:\/\/www.thron.com\/wp-content\/uploads\/2023\/11\/LoghiAnalisti_2023_new-1290x1032.webp\" alt=\"Immagine che racchiude i nomi di alcune realt\u00e0 che hanno attribuito riconoscimenti sul mercato o a THRON; tra queste Forrester e Info Tech Research Tech.\" class=\"wp-image-11118 size-full\" srcset=\"https:\/\/www.thron.com\/wp-content\/uploads\/2023\/11\/LoghiAnalisti_2023_new-1290x1032.webp 1290w, https:\/\/www.thron.com\/wp-content\/uploads\/2023\/11\/LoghiAnalisti_2023_new-650x520.webp 650w, https:\/\/www.thron.com\/wp-content\/uploads\/2023\/11\/LoghiAnalisti_2023_new-768x614.webp 768w, https:\/\/www.thron.com\/wp-content\/uploads\/2023\/11\/LoghiAnalisti_2023_new-1536x1229.webp 1536w, https:\/\/www.thron.com\/wp-content\/uploads\/2023\/11\/LoghiAnalisti_2023_new-350x280.webp 350w, https:\/\/www.thron.com\/wp-content\/uploads\/2023\/11\/LoghiAnalisti_2023_new.webp 2000w\" sizes=\"auto, (max-width: 1290px) 100vw, 1290px\" \/><\/figure><\/div>\n<\/div>\n\n\n\n<div style=\"height:160px\" aria-hidden=\"true\" class=\"wp-block-spacer\"><\/div>\n\n\n\n<h3 class=\"wp-block-heading has-text-align-center has-white-color has-text-color\">Vuoi vedere THRON PLATFORM all&#8217;opera?<\/h3>\n\n\n\n<p class=\"has-text-align-center has-white-color has-text-color\">Uno dei nostri esperti ti porter\u00e0 a scoprire funzionalit\u00e0, potenzialit\u00e0 e benefici della nostra piattaforma.<br>Preparati a scoprire da vicino il vero significato di governance digitale.<\/p>\n\n\n\n<div style=\"height:60px\" aria-hidden=\"true\" class=\"wp-block-spacer\"><\/div>\n\n\n\n<div class=\"wp-block-buttons is-content-justification-center is-layout-flex wp-container-core-buttons-is-layout-16018d1d wp-block-buttons-is-layout-flex\">\n<div class=\"wp-block-button\"><a class=\"wp-block-button__link has-text-align-center wp-element-button\" href=\"#top\">Richiedi una demo<\/a><\/div>\n<\/div>\n\n\n\n<div style=\"height:160px\" aria-hidden=\"true\" class=\"wp-block-spacer\"><\/div>\n<\/div>\n","protected":false},"excerpt":{"rendered":"<p>Cosa succeder\u00e0 una volta compilato il form? Inizier\u00e0 tutto da una chiacchierata Quando avrai compilato il form ci conosceremo. Ascolteremo&#8230;<\/p>\n","protected":false},"author":10,"featured_media":0,"parent":0,"menu_order":0,"comment_status":"closed","ping_status":"closed","template":"template\/demo.php","meta":{"_acf_changed":false,"footnotes":""},"class_list":["post-5721","page","type-page","status-publish","hentry"],"acf":[],"_links":{"self":[{"href":"https:\/\/www.thron.com\/it\/wp-json\/wp\/v2\/pages\/5721","targetHints":{"allow":["GET"]}}],"collection":[{"href":"https:\/\/www.thron.com\/it\/wp-json\/wp\/v2\/pages"}],"about":[{"href":"https:\/\/www.thron.com\/it\/wp-json\/wp\/v2\/types\/page"}],"author":[{"embeddable":true,"href":"https:\/\/www.thron.com\/it\/wp-json\/wp\/v2\/users\/10"}],"replies":[{"embeddable":true,"href":"https:\/\/www.thron.com\/it\/wp-json\/wp\/v2\/comments?post=5721"}],"version-history":[{"count":79,"href":"https:\/\/www.thron.com\/it\/wp-json\/wp\/v2\/pages\/5721\/revisions"}],"predecessor-version":[{"id":21219,"href":"https:\/\/www.thron.com\/it\/wp-json\/wp\/v2\/pages\/5721\/revisions\/21219"}],"wp:attachment":[{"href":"https:\/\/www.thron.com\/it\/wp-json\/wp\/v2\/media?parent=5721"}],"curies":[{"name":"wp","href":"https:\/\/api.w.org\/{rel}","templated":true}]}}