{"id":9881,"date":"2023-08-30T09:59:54","date_gmt":"2023-08-30T07:59:54","guid":{"rendered":"https:\/\/www.thron.com\/?page_id=9881"},"modified":"2025-11-04T18:02:36","modified_gmt":"2025-11-04T17:02:36","slug":"lp-tei","status":"publish","type":"page","link":"https:\/\/www.thron.com\/it\/lp-tei\/","title":{"rendered":"Total Economic Impact"},"content":{"rendered":"\n<div style=\"height:0px\" aria-hidden=\"true\" class=\"wp-block-spacer\"><\/div>\n\n\n\n<h2 class=\"wp-block-heading has-text-align-center\">Cosa troverai nel documento?<\/h2>\n\n\n\n<div style=\"height:90px\" aria-hidden=\"true\" class=\"wp-block-spacer\"><\/div>\n\n\n\n<div class=\"wp-block-columns is-layout-flex wp-container-core-columns-is-layout-9d6595d7 wp-block-columns-is-layout-flex\">\n<div class=\"wp-block-column is-layout-flow wp-block-column-is-layout-flow\">\n<div class=\"wp-block-group is-style-box has-white-color has-purple-thron-background-color has-text-color has-background is-layout-constrained wp-block-group-is-layout-constrained\">\n<h3 class=\"wp-block-heading\"><strong>20 KPI<\/strong> rilevati da Forrester<\/h3>\n\n\n\n<p>sulla gestione degli asset digitali e le informazioni di prodotto con THRON. <\/p>\n\n\n\n<div style=\"height:30px\" aria-hidden=\"true\" class=\"wp-block-spacer\"><\/div>\n<\/div>\n<\/div>\n\n\n\n<div class=\"wp-block-column is-layout-flow wp-block-column-is-layout-flow\">\n<div class=\"wp-block-group is-style-box has-white-color has-purple-thron-background-color has-text-color has-background is-layout-constrained wp-block-group-is-layout-constrained\">\n<h3 class=\"wp-block-heading\">Impatti economici<\/h3>\n\n\n\n<p>e i&nbsp;<strong>benefici<\/strong>&nbsp;rilevati da Forrester sulla base delle analisi su un campione di&nbsp;<strong>clienti<\/strong>.<\/p>\n\n\n\n<div style=\"height:30px\" aria-hidden=\"true\" class=\"wp-block-spacer\"><\/div>\n<\/div>\n<\/div>\n\n\n\n<div class=\"wp-block-column is-layout-flow wp-block-column-is-layout-flow\">\n<div class=\"wp-block-group is-style-box has-white-color has-purple-thron-background-color has-text-color has-background is-layout-constrained wp-block-group-is-layout-constrained\">\n<h3 class=\"wp-block-heading\">Testimonianze  dei clienti<\/h3>\n\n\n\n<p>le parole di <strong>CMO<\/strong>,&nbsp;<strong>Head of Digital&nbsp;<\/strong>e&nbsp;<strong>CIO<\/strong>&nbsp;che utilizzano gi\u00e0 oggi il nostro Trono.&nbsp;<\/p>\n\n\n\n<div style=\"height:30px\" aria-hidden=\"true\" class=\"wp-block-spacer\"><\/div>\n<\/div>\n<\/div>\n<\/div>\n\n\n\n<div style=\"height:90px\" aria-hidden=\"true\" class=\"wp-block-spacer\"><\/div>\n\n\n\n<section id=\"block-carousel-testimonial-block_0fa7ddff8810058d64ea6de56de3303a\" class=\"block-carousel-testimonial\">\n            <div class=\"block-carousel-testimonial__slider\">\n                            <div class=\"block-carousel-testimonial__slide\">\n                    \n                                            <div class=\"block-carousel-testimonial__testo\">\n                            &#8220;THRON PLATFORM ci ha permesso di adottare una visione end-to-end, con asset coerenti dall&#8217;ERP all&#8217;e-commerce&#8221;.                        <\/div>\n                    \n                                            <div class=\"block-carousel-testimonial__nome\">\n                            IT Manager                        <\/div>\n                    \n                                            <div class=\"block-carousel-testimonial__azienda\">\n                            Azienda Articoli Sportivi                        <\/div>\n                    \n                                    <\/div>\n                            <div class=\"block-carousel-testimonial__slide\">\n                    \n                                            <div class=\"block-carousel-testimonial__testo\">\n                            &#8220;Grazie a THRON PLATFORM e ai connettori di THRON non devo pi\u00f9 preoccuparmi di aggiornare a mano i miei canali&#8221;.                        <\/div>\n                    \n                                            <div class=\"block-carousel-testimonial__nome\">\n                            Digital Product Manager                        <\/div>\n                    \n                                            <div class=\"block-carousel-testimonial__azienda\">\n                            Azienda Fashion                        <\/div>\n                    \n                                    <\/div>\n                            <div class=\"block-carousel-testimonial__slide\">\n                    \n                                            <div class=\"block-carousel-testimonial__testo\">\n                            &#8220;Il presente ci spinge ad essere veloci. Rapidit\u00e0 e flessibilit\u00e0 di integrazione con e-commerce e altri canali di vendita sono fondamentali per riuscire a cogliere le opportunit\u00e0&#8221;.                        <\/div>\n                    \n                                            <div class=\"block-carousel-testimonial__nome\">\n                            Digital &#038; Webstore Manager                        <\/div>\n                    \n                                            <div class=\"block-carousel-testimonial__azienda\">\n                            Cherv\u00f2                        <\/div>\n                    \n                                            <div class=\"block-carousel-testimonial__link\">\n                            <p><a href=\"https:\/\/www.thron.com\/it\/clienti\/chervo\/\" class=\"btn btn--link\" target=\"_self\">Leggi il Success Case Cherv\u00f2<\/a><\/p>\n                        <\/div>\n                                    <\/div>\n                            <div class=\"block-carousel-testimonial__slide\">\n                    \n                                            <div class=\"block-carousel-testimonial__testo\">\n                            &#8220;Le campagne iniziavano mentre il catalogo dei prodotti non era ancora sincronizzato, quindi il lancio non riusciva. Ora non succede pi\u00f9. Il catalogo non deve essere sincronizzato&#8221;.                        <\/div>\n                    \n                                            <div class=\"block-carousel-testimonial__nome\">\n                            Head of IT Digital                        <\/div>\n                    \n                                            <div class=\"block-carousel-testimonial__azienda\">\n                            Azienda Fashion                        <\/div>\n                    \n                                    <\/div>\n                    <\/div>\n    <\/section>","protected":false},"excerpt":{"rendered":"<p>Cosa troverai nel documento? 20 KPI rilevati da Forrester sulla gestione degli asset digitali e le informazioni di prodotto con&#8230;<\/p>\n","protected":false},"author":10,"featured_media":9935,"parent":0,"menu_order":0,"comment_status":"closed","ping_status":"closed","template":"","meta":{"_acf_changed":false,"footnotes":""},"class_list":["post-9881","page","type-page","status-publish","has-post-thumbnail","hentry"],"acf":[],"_links":{"self":[{"href":"https:\/\/www.thron.com\/it\/wp-json\/wp\/v2\/pages\/9881","targetHints":{"allow":["GET"]}}],"collection":[{"href":"https:\/\/www.thron.com\/it\/wp-json\/wp\/v2\/pages"}],"about":[{"href":"https:\/\/www.thron.com\/it\/wp-json\/wp\/v2\/types\/page"}],"author":[{"embeddable":true,"href":"https:\/\/www.thron.com\/it\/wp-json\/wp\/v2\/users\/10"}],"replies":[{"embeddable":true,"href":"https:\/\/www.thron.com\/it\/wp-json\/wp\/v2\/comments?post=9881"}],"version-history":[{"count":26,"href":"https:\/\/www.thron.com\/it\/wp-json\/wp\/v2\/pages\/9881\/revisions"}],"predecessor-version":[{"id":20832,"href":"https:\/\/www.thron.com\/it\/wp-json\/wp\/v2\/pages\/9881\/revisions\/20832"}],"wp:featuredmedia":[{"embeddable":true,"href":"https:\/\/www.thron.com\/it\/wp-json\/wp\/v2\/media\/9935"}],"wp:attachment":[{"href":"https:\/\/www.thron.com\/it\/wp-json\/wp\/v2\/media?parent=9881"}],"curies":[{"name":"wp","href":"https:\/\/api.w.org\/{rel}","templated":true}]}}